{"id":1255,"date":"2025-09-30T12:45:36","date_gmt":"2025-09-30T12:45:36","guid":{"rendered":"https:\/\/devo2.theturtleroom.org\/?page_id=1255"},"modified":"2025-09-30T12:45:36","modified_gmt":"2025-09-30T12:45:36","slug":"echec-du-don","status":"publish","type":"page","link":"https:\/\/africanchelonian.org\/fr\/echec-du-don\/","title":{"rendered":"\u00c9chec du Don"},"content":{"rendered":"<p>D\u00e9sol\u00e9, votre don n&rsquo;a pas pu \u00eatre trait\u00e9. Veuillez r\u00e9essayer ou contacter l&rsquo;assistance du site.<\/p>\n","protected":false},"excerpt":{"rendered":"<p>D\u00e9sol\u00e9, votre don n&rsquo;a pas pu \u00eatre trait\u00e9. Veuillez r\u00e9essayer ou contacter l&rsquo;assistance du site.<\/p>\n","protected":false},"author":1,"featured_media":0,"parent":0,"menu_order":0,"comment_status":"closed","ping_status":"closed","template":"","meta":{"give_campaign_id":0,"_monsterinsights_skip_tracking":false,"_monsterinsights_sitenote_active":false,"_monsterinsights_sitenote_note":"","_monsterinsights_sitenote_category":0,"site-sidebar-layout":"default","site-content-layout":"","ast-site-content-layout":"default","site-content-style":"default","site-sidebar-style":"default","ast-global-header-display":"","ast-banner-title-visibility":"","ast-main-header-display":"","ast-hfb-above-header-display":"","ast-hfb-below-header-display":"","ast-hfb-mobile-header-display":"","site-post-title":"","ast-breadcrumbs-content":"","ast-featured-img":"","footer-sml-layout":"","theme-transparent-header-meta":"","adv-header-id-meta":"","stick-header-meta":"","header-above-stick-meta":"","header-main-stick-meta":"","header-below-stick-meta":"","astra-migrate-meta-layouts":"set","ast-page-background-enabled":"default","ast-page-background-meta":{"desktop":{"background-color":"","background-image":"","background-repeat":"repeat","background-position":"center center","background-size":"auto","background-attachment":"scroll","background-type":"","background-media":"","overlay-type":"","overlay-color":"","overlay-opacity":"","overlay-gradient":""},"tablet":{"background-color":"","background-image":"","background-repeat":"repeat","background-position":"center center","background-size":"auto","background-attachment":"scroll","background-type":"","background-media":"","overlay-type":"","overlay-color":"","overlay-opacity":"","overlay-gradient":""},"mobile":{"background-color":"","background-image":"","background-repeat":"repeat","background-position":"center center","background-size":"auto","background-attachment":"scroll","background-type":"","background-media":"","overlay-type":"","overlay-color":"","overlay-opacity":"","overlay-gradient":""}},"ast-content-background-meta":{"desktop":{"background-color":"var(--ast-global-color-5)","background-image":"","background-repeat":"repeat","background-position":"center center","background-size":"auto","background-attachment":"scroll","background-type":"","background-media":"","overlay-type":"","overlay-color":"","overlay-opacity":"","overlay-gradient":""},"tablet":{"background-color":"var(--ast-global-color-5)","background-image":"","background-repeat":"repeat","background-position":"center center","background-size":"auto","background-attachment":"scroll","background-type":"","background-media":"","overlay-type":"","overlay-color":"","overlay-opacity":"","overlay-gradient":""},"mobile":{"background-color":"var(--ast-global-color-5)","background-image":"","background-repeat":"repeat","background-position":"center center","background-size":"auto","background-attachment":"scroll","background-type":"","background-media":"","overlay-type":"","overlay-color":"","overlay-opacity":"","overlay-gradient":""}},"footnotes":""},"class_list":["post-1255","page","type-page","status-publish","hentry"],"yoast_head":"<!-- This site is optimized with the Yoast SEO plugin v26.5 - https:\/\/yoast.com\/wordpress\/plugins\/seo\/ -->\n<title>\u00c9chec du Don - African Chelonian Institute<\/title>\n<meta name=\"robots\" content=\"index, follow, max-snippet:-1, max-image-preview:large, max-video-preview:-1\" \/>\n<link rel=\"canonical\" href=\"https:\/\/africanchelonian.org\/fr\/echec-du-don\/\" \/>\n<meta property=\"og:locale\" content=\"fr_FR\" \/>\n<meta property=\"og:type\" content=\"article\" \/>\n<meta property=\"og:title\" content=\"\u00c9chec du Don - African Chelonian Institute\" \/>\n<meta property=\"og:description\" content=\"D\u00e9sol\u00e9, votre don n&rsquo;a pas pu \u00eatre trait\u00e9. Veuillez r\u00e9essayer ou contacter l&rsquo;assistance du site.\" \/>\n<meta property=\"og:url\" content=\"https:\/\/africanchelonian.org\/fr\/echec-du-don\/\" \/>\n<meta property=\"og:site_name\" content=\"African Chelonian Institute\" \/>\n<meta property=\"article:publisher\" content=\"https:\/\/www.facebook.com\/AfricanChelonianInstitute\" \/>\n<meta property=\"og:image\" content=\"https:\/\/africanchelonian.org\/wp-content\/uploads\/2015\/01\/ACI-logo-175h.png\" \/>\n\t<meta property=\"og:image:width\" content=\"209\" \/>\n\t<meta property=\"og:image:height\" content=\"175\" \/>\n\t<meta property=\"og:image:type\" content=\"image\/png\" \/>\n<meta name=\"twitter:card\" content=\"summary_large_image\" \/>\n<script type=\"application\/ld+json\" class=\"yoast-schema-graph\">{\"@context\":\"https:\/\/schema.org\",\"@graph\":[{\"@type\":\"WebPage\",\"@id\":\"https:\/\/africanchelonian.org\/fr\/echec-du-don\/\",\"url\":\"https:\/\/africanchelonian.org\/fr\/echec-du-don\/\",\"name\":\"\u00c9chec du Don - African Chelonian Institute\",\"isPartOf\":{\"@id\":\"https:\/\/africanchelonian.org\/#website\"},\"datePublished\":\"2025-09-30T12:45:36+00:00\",\"breadcrumb\":{\"@id\":\"https:\/\/africanchelonian.org\/fr\/echec-du-don\/#breadcrumb\"},\"inLanguage\":\"fr-FR\",\"potentialAction\":[{\"@type\":\"ReadAction\",\"target\":[\"https:\/\/africanchelonian.org\/fr\/echec-du-don\/\"]}]},{\"@type\":\"BreadcrumbList\",\"@id\":\"https:\/\/africanchelonian.org\/fr\/echec-du-don\/#breadcrumb\",\"itemListElement\":[{\"@type\":\"ListItem\",\"position\":1,\"name\":\"Home\",\"item\":\"https:\/\/africanchelonian.org\/fr\/\"},{\"@type\":\"ListItem\",\"position\":2,\"name\":\"\u00c9chec du Don\"}]},{\"@type\":\"WebSite\",\"@id\":\"https:\/\/africanchelonian.org\/#website\",\"url\":\"https:\/\/africanchelonian.org\/\",\"name\":\"African Chelonian Institute\",\"description\":\"Recherche. Education. Conservation.\",\"publisher\":{\"@id\":\"https:\/\/africanchelonian.org\/#organization\"},\"potentialAction\":[{\"@type\":\"SearchAction\",\"target\":{\"@type\":\"EntryPoint\",\"urlTemplate\":\"https:\/\/africanchelonian.org\/?s={search_term_string}\"},\"query-input\":{\"@type\":\"PropertyValueSpecification\",\"valueRequired\":true,\"valueName\":\"search_term_string\"}}],\"inLanguage\":\"fr-FR\"},{\"@type\":\"Organization\",\"@id\":\"https:\/\/africanchelonian.org\/#organization\",\"name\":\"African Chelonian Institute\",\"url\":\"https:\/\/africanchelonian.org\/\",\"logo\":{\"@type\":\"ImageObject\",\"inLanguage\":\"fr-FR\",\"@id\":\"https:\/\/africanchelonian.org\/#\/schema\/logo\/image\/\",\"url\":\"https:\/\/africanchelonian.org\/wp-content\/uploads\/2025\/08\/ACI-header-logo@4x-scaled.png\",\"contentUrl\":\"https:\/\/africanchelonian.org\/wp-content\/uploads\/2025\/08\/ACI-header-logo@4x-scaled.png\",\"width\":\"2560\",\"height\":\"1313\",\"caption\":\"African Chelonian Institute\"},\"image\":{\"@id\":\"https:\/\/africanchelonian.org\/#\/schema\/logo\/image\/\"},\"sameAs\":[\"https:\/\/www.facebook.com\/AfricanChelonianInstitute\"]}]}<\/script>\n<!-- \/ Yoast SEO plugin. -->","yoast_head_json":{"title":"\u00c9chec du Don - African Chelonian Institute","robots":{"index":"index","follow":"follow","max-snippet":"max-snippet:-1","max-image-preview":"max-image-preview:large","max-video-preview":"max-video-preview:-1"},"canonical":"https:\/\/africanchelonian.org\/fr\/echec-du-don\/","og_locale":"fr_FR","og_type":"article","og_title":"\u00c9chec du Don - African Chelonian Institute","og_description":"D\u00e9sol\u00e9, votre don n&rsquo;a pas pu \u00eatre trait\u00e9. Veuillez r\u00e9essayer ou contacter l&rsquo;assistance du site.","og_url":"https:\/\/africanchelonian.org\/fr\/echec-du-don\/","og_site_name":"African Chelonian Institute","article_publisher":"https:\/\/www.facebook.com\/AfricanChelonianInstitute","og_image":[{"width":209,"height":175,"url":"https:\/\/africanchelonian.org\/wp-content\/uploads\/2015\/01\/ACI-logo-175h.png","type":"image\/png"}],"twitter_card":"summary_large_image","schema":{"@context":"https:\/\/schema.org","@graph":[{"@type":"WebPage","@id":"https:\/\/africanchelonian.org\/fr\/echec-du-don\/","url":"https:\/\/africanchelonian.org\/fr\/echec-du-don\/","name":"\u00c9chec du Don - African Chelonian Institute","isPartOf":{"@id":"https:\/\/africanchelonian.org\/#website"},"datePublished":"2025-09-30T12:45:36+00:00","breadcrumb":{"@id":"https:\/\/africanchelonian.org\/fr\/echec-du-don\/#breadcrumb"},"inLanguage":"fr-FR","potentialAction":[{"@type":"ReadAction","target":["https:\/\/africanchelonian.org\/fr\/echec-du-don\/"]}]},{"@type":"BreadcrumbList","@id":"https:\/\/africanchelonian.org\/fr\/echec-du-don\/#breadcrumb","itemListElement":[{"@type":"ListItem","position":1,"name":"Home","item":"https:\/\/africanchelonian.org\/fr\/"},{"@type":"ListItem","position":2,"name":"\u00c9chec du Don"}]},{"@type":"WebSite","@id":"https:\/\/africanchelonian.org\/#website","url":"https:\/\/africanchelonian.org\/","name":"African Chelonian Institute","description":"Recherche. Education. Conservation.","publisher":{"@id":"https:\/\/africanchelonian.org\/#organization"},"potentialAction":[{"@type":"SearchAction","target":{"@type":"EntryPoint","urlTemplate":"https:\/\/africanchelonian.org\/?s={search_term_string}"},"query-input":{"@type":"PropertyValueSpecification","valueRequired":true,"valueName":"search_term_string"}}],"inLanguage":"fr-FR"},{"@type":"Organization","@id":"https:\/\/africanchelonian.org\/#organization","name":"African Chelonian Institute","url":"https:\/\/africanchelonian.org\/","logo":{"@type":"ImageObject","inLanguage":"fr-FR","@id":"https:\/\/africanchelonian.org\/#\/schema\/logo\/image\/","url":"https:\/\/africanchelonian.org\/wp-content\/uploads\/2025\/08\/ACI-header-logo@4x-scaled.png","contentUrl":"https:\/\/africanchelonian.org\/wp-content\/uploads\/2025\/08\/ACI-header-logo@4x-scaled.png","width":"2560","height":"1313","caption":"African Chelonian Institute"},"image":{"@id":"https:\/\/africanchelonian.org\/#\/schema\/logo\/image\/"},"sameAs":["https:\/\/www.facebook.com\/AfricanChelonianInstitute"]}]}},"campaignId":"","_links":{"self":[{"href":"https:\/\/africanchelonian.org\/fr\/wp-json\/wp\/v2\/pages\/1255","targetHints":{"allow":["GET"]}}],"collection":[{"href":"https:\/\/africanchelonian.org\/fr\/wp-json\/wp\/v2\/pages"}],"about":[{"href":"https:\/\/africanchelonian.org\/fr\/wp-json\/wp\/v2\/types\/page"}],"author":[{"embeddable":true,"href":"https:\/\/africanchelonian.org\/fr\/wp-json\/wp\/v2\/users\/1"}],"replies":[{"embeddable":true,"href":"https:\/\/africanchelonian.org\/fr\/wp-json\/wp\/v2\/comments?post=1255"}],"version-history":[{"count":1,"href":"https:\/\/africanchelonian.org\/fr\/wp-json\/wp\/v2\/pages\/1255\/revisions"}],"predecessor-version":[{"id":1256,"href":"https:\/\/africanchelonian.org\/fr\/wp-json\/wp\/v2\/pages\/1255\/revisions\/1256"}],"wp:attachment":[{"href":"https:\/\/africanchelonian.org\/fr\/wp-json\/wp\/v2\/media?parent=1255"}],"curies":[{"name":"wp","href":"https:\/\/api.w.org\/{rel}","templated":true}]}}