{"id":1257,"date":"2025-09-30T12:46:10","date_gmt":"2025-09-30T12:46:10","guid":{"rendered":"https:\/\/devo2.theturtleroom.org\/?page_id=1257"},"modified":"2025-11-04T18:22:05","modified_gmt":"2025-11-04T18:22:05","slug":"faire-un-don","status":"publish","type":"page","link":"https:\/\/africanchelonian.org\/fr\/faire-un-don\/","title":{"rendered":"Faire un Don"},"content":{"rendered":"<p>Merci d&rsquo;avoir fait un don \u00e0 ACI\u00a0! En cas de probl\u00e8me, veuillez <a href=\"https:\/\/africanchelonian.org\/fr\/contact\/\" title=\"nous contacter\">nous contacter<\/a> et nous ferons notre possible pour le r\u00e9soudre. Veuillez nous indiquer la date et l&rsquo;heure auxquelles vous avez rencontr\u00e9 ce probl\u00e8me avec le formulaire de don.<\/p>\n<div class='root-data-givewp-embed' data-form-locale='fr_FR' data-form-url='https:\/\/africanchelonian.org\/?post_type=give_forms&#038;p=1340' data-form-view-url='https:\/\/africanchelonian.org\/fr\/?givewp-route=donation-form-view&form-id=1340' data-src='https:\/\/africanchelonian.org\/fr\/?givewp-route=donation-form-view&form-id=1340' data-givewp-embed-id='give-form-shortcode-1' data-form-format='' data-open-form-button='Faire un don maintenant' style='--givewp-primary-color: #e67800; --givewp-secondary-color: #fdc000;'><\/div>\n","protected":false},"excerpt":{"rendered":"<p>Merci d&rsquo;avoir fait un don \u00e0 ACI\u00a0! En cas de probl\u00e8me, veuillez nous contacter et nous ferons notre possible pour le r\u00e9soudre. Veuillez nous indiquer la date et l&rsquo;heure auxquelles vous avez rencontr\u00e9 ce probl\u00e8me avec le formulaire de don.<\/p>\n","protected":false},"author":1,"featured_media":870,"parent":0,"menu_order":0,"comment_status":"closed","ping_status":"closed","template":"","meta":{"give_campaign_id":0,"_monsterinsights_skip_tracking":false,"_monsterinsights_sitenote_active":false,"_monsterinsights_sitenote_note":"","_monsterinsights_sitenote_category":0,"site-sidebar-layout":"right-sidebar","site-content-layout":"","ast-site-content-layout":"default","site-content-style":"default","site-sidebar-style":"default","ast-global-header-display":"","ast-banner-title-visibility":"","ast-main-header-display":"","ast-hfb-above-header-display":"","ast-hfb-below-header-display":"","ast-hfb-mobile-header-display":"","site-post-title":"","ast-breadcrumbs-content":"","ast-featured-img":"","footer-sml-layout":"","theme-transparent-header-meta":"default","adv-header-id-meta":"1588","stick-header-meta":"default","header-above-stick-meta":"","header-main-stick-meta":"","header-below-stick-meta":"","astra-migrate-meta-layouts":"set","ast-page-background-enabled":"default","ast-page-background-meta":{"desktop":{"background-color":"","background-image":"","background-repeat":"repeat","background-position":"center center","background-size":"auto","background-attachment":"scroll","background-type":"","background-media":"","overlay-type":"","overlay-color":"","overlay-opacity":"","overlay-gradient":""},"tablet":{"background-color":"","background-image":"","background-repeat":"repeat","background-position":"center center","background-size":"auto","background-attachment":"scroll","background-type":"","background-media":"","overlay-type":"","overlay-color":"","overlay-opacity":"","overlay-gradient":""},"mobile":{"background-color":"","background-image":"","background-repeat":"repeat","background-position":"center center","background-size":"auto","background-attachment":"scroll","background-type":"","background-media":"","overlay-type":"","overlay-color":"","overlay-opacity":"","overlay-gradient":""}},"ast-content-background-meta":{"desktop":{"background-color":"var(--ast-global-color-5)","background-image":"","background-repeat":"repeat","background-position":"center center","background-size":"auto","background-attachment":"scroll","background-type":"","background-media":"","overlay-type":"","overlay-color":"","overlay-opacity":"","overlay-gradient":""},"tablet":{"background-color":"var(--ast-global-color-5)","background-image":"","background-repeat":"repeat","background-position":"center center","background-size":"auto","background-attachment":"scroll","background-type":"","background-media":"","overlay-type":"","overlay-color":"","overlay-opacity":"","overlay-gradient":""},"mobile":{"background-color":"var(--ast-global-color-5)","background-image":"","background-repeat":"repeat","background-position":"center center","background-size":"auto","background-attachment":"scroll","background-type":"","background-media":"","overlay-type":"","overlay-color":"","overlay-opacity":"","overlay-gradient":""}},"footnotes":""},"class_list":["post-1257","page","type-page","status-publish","has-post-thumbnail","hentry"],"yoast_head":"<!-- This site is optimized with the Yoast SEO plugin v26.5 - https:\/\/yoast.com\/wordpress\/plugins\/seo\/ -->\n<title>Faire un Don - African Chelonian Institute<\/title>\n<meta name=\"robots\" content=\"index, follow, max-snippet:-1, max-image-preview:large, max-video-preview:-1\" \/>\n<link rel=\"canonical\" href=\"https:\/\/africanchelonian.org\/fr\/faire-un-don\/\" \/>\n<meta property=\"og:locale\" content=\"fr_FR\" \/>\n<meta property=\"og:type\" content=\"article\" \/>\n<meta property=\"og:title\" content=\"Faire un Don - African Chelonian Institute\" \/>\n<meta property=\"og:description\" content=\"Merci d&rsquo;avoir fait un don \u00e0 ACI\u00a0! En cas de probl\u00e8me, veuillez nous contacter et nous ferons notre possible pour le r\u00e9soudre. Veuillez nous indiquer la date et l&rsquo;heure auxquelles vous avez rencontr\u00e9 ce probl\u00e8me avec le formulaire de don.\" \/>\n<meta property=\"og:url\" content=\"https:\/\/africanchelonian.org\/fr\/faire-un-don\/\" \/>\n<meta property=\"og:site_name\" content=\"African Chelonian Institute\" \/>\n<meta property=\"article:publisher\" content=\"https:\/\/www.facebook.com\/AfricanChelonianInstitute\" \/>\n<meta property=\"article:modified_time\" content=\"2025-11-04T18:22:05+00:00\" \/>\n<meta property=\"og:image\" content=\"https:\/\/africanchelonian.org\/wp-content\/uploads\/2015\/01\/ACIbg.jpg\" \/>\n\t<meta property=\"og:image:width\" content=\"1920\" \/>\n\t<meta property=\"og:image:height\" content=\"1200\" \/>\n\t<meta property=\"og:image:type\" content=\"image\/jpeg\" \/>\n<meta name=\"twitter:card\" content=\"summary_large_image\" \/>\n<meta name=\"twitter:label1\" content=\"Dur\u00e9e de lecture estim\u00e9e\" \/>\n\t<meta name=\"twitter:data1\" content=\"1 minute\" \/>\n<script type=\"application\/ld+json\" class=\"yoast-schema-graph\">{\"@context\":\"https:\/\/schema.org\",\"@graph\":[{\"@type\":\"WebPage\",\"@id\":\"https:\/\/africanchelonian.org\/fr\/faire-un-don\/\",\"url\":\"https:\/\/africanchelonian.org\/fr\/faire-un-don\/\",\"name\":\"Faire un Don - African Chelonian Institute\",\"isPartOf\":{\"@id\":\"https:\/\/africanchelonian.org\/#website\"},\"primaryImageOfPage\":{\"@id\":\"https:\/\/africanchelonian.org\/fr\/faire-un-don\/#primaryimage\"},\"image\":{\"@id\":\"https:\/\/africanchelonian.org\/fr\/faire-un-don\/#primaryimage\"},\"thumbnailUrl\":\"https:\/\/africanchelonian.org\/wp-content\/uploads\/2015\/01\/ACIbg.jpg\",\"datePublished\":\"2025-09-30T12:46:10+00:00\",\"dateModified\":\"2025-11-04T18:22:05+00:00\",\"breadcrumb\":{\"@id\":\"https:\/\/africanchelonian.org\/fr\/faire-un-don\/#breadcrumb\"},\"inLanguage\":\"fr-FR\",\"potentialAction\":[{\"@type\":\"ReadAction\",\"target\":[\"https:\/\/africanchelonian.org\/fr\/faire-un-don\/\"]}]},{\"@type\":\"ImageObject\",\"inLanguage\":\"fr-FR\",\"@id\":\"https:\/\/africanchelonian.org\/fr\/faire-un-don\/#primaryimage\",\"url\":\"https:\/\/africanchelonian.org\/wp-content\/uploads\/2015\/01\/ACIbg.jpg\",\"contentUrl\":\"https:\/\/africanchelonian.org\/wp-content\/uploads\/2015\/01\/ACIbg.jpg\",\"width\":1920,\"height\":1200},{\"@type\":\"BreadcrumbList\",\"@id\":\"https:\/\/africanchelonian.org\/fr\/faire-un-don\/#breadcrumb\",\"itemListElement\":[{\"@type\":\"ListItem\",\"position\":1,\"name\":\"Home\",\"item\":\"https:\/\/africanchelonian.org\/fr\/\"},{\"@type\":\"ListItem\",\"position\":2,\"name\":\"Faire un Don\"}]},{\"@type\":\"WebSite\",\"@id\":\"https:\/\/africanchelonian.org\/#website\",\"url\":\"https:\/\/africanchelonian.org\/\",\"name\":\"African Chelonian Institute\",\"description\":\"Recherche. Education. Conservation.\",\"publisher\":{\"@id\":\"https:\/\/africanchelonian.org\/#organization\"},\"potentialAction\":[{\"@type\":\"SearchAction\",\"target\":{\"@type\":\"EntryPoint\",\"urlTemplate\":\"https:\/\/africanchelonian.org\/?s={search_term_string}\"},\"query-input\":{\"@type\":\"PropertyValueSpecification\",\"valueRequired\":true,\"valueName\":\"search_term_string\"}}],\"inLanguage\":\"fr-FR\"},{\"@type\":\"Organization\",\"@id\":\"https:\/\/africanchelonian.org\/#organization\",\"name\":\"African Chelonian Institute\",\"url\":\"https:\/\/africanchelonian.org\/\",\"logo\":{\"@type\":\"ImageObject\",\"inLanguage\":\"fr-FR\",\"@id\":\"https:\/\/africanchelonian.org\/#\/schema\/logo\/image\/\",\"url\":\"https:\/\/africanchelonian.org\/wp-content\/uploads\/2025\/08\/ACI-header-logo@4x-scaled.png\",\"contentUrl\":\"https:\/\/africanchelonian.org\/wp-content\/uploads\/2025\/08\/ACI-header-logo@4x-scaled.png\",\"width\":\"2560\",\"height\":\"1313\",\"caption\":\"African Chelonian Institute\"},\"image\":{\"@id\":\"https:\/\/africanchelonian.org\/#\/schema\/logo\/image\/\"},\"sameAs\":[\"https:\/\/www.facebook.com\/AfricanChelonianInstitute\"]}]}<\/script>\n<!-- \/ Yoast SEO plugin. -->","yoast_head_json":{"title":"Faire un Don - African Chelonian Institute","robots":{"index":"index","follow":"follow","max-snippet":"max-snippet:-1","max-image-preview":"max-image-preview:large","max-video-preview":"max-video-preview:-1"},"canonical":"https:\/\/africanchelonian.org\/fr\/faire-un-don\/","og_locale":"fr_FR","og_type":"article","og_title":"Faire un Don - African Chelonian Institute","og_description":"Merci d&rsquo;avoir fait un don \u00e0 ACI\u00a0! En cas de probl\u00e8me, veuillez nous contacter et nous ferons notre possible pour le r\u00e9soudre. Veuillez nous indiquer la date et l&rsquo;heure auxquelles vous avez rencontr\u00e9 ce probl\u00e8me avec le formulaire de don.","og_url":"https:\/\/africanchelonian.org\/fr\/faire-un-don\/","og_site_name":"African Chelonian Institute","article_publisher":"https:\/\/www.facebook.com\/AfricanChelonianInstitute","article_modified_time":"2025-11-04T18:22:05+00:00","og_image":[{"width":1920,"height":1200,"url":"https:\/\/africanchelonian.org\/wp-content\/uploads\/2015\/01\/ACIbg.jpg","type":"image\/jpeg"}],"twitter_card":"summary_large_image","twitter_misc":{"Dur\u00e9e de lecture estim\u00e9e":"1 minute"},"schema":{"@context":"https:\/\/schema.org","@graph":[{"@type":"WebPage","@id":"https:\/\/africanchelonian.org\/fr\/faire-un-don\/","url":"https:\/\/africanchelonian.org\/fr\/faire-un-don\/","name":"Faire un Don - African Chelonian Institute","isPartOf":{"@id":"https:\/\/africanchelonian.org\/#website"},"primaryImageOfPage":{"@id":"https:\/\/africanchelonian.org\/fr\/faire-un-don\/#primaryimage"},"image":{"@id":"https:\/\/africanchelonian.org\/fr\/faire-un-don\/#primaryimage"},"thumbnailUrl":"https:\/\/africanchelonian.org\/wp-content\/uploads\/2015\/01\/ACIbg.jpg","datePublished":"2025-09-30T12:46:10+00:00","dateModified":"2025-11-04T18:22:05+00:00","breadcrumb":{"@id":"https:\/\/africanchelonian.org\/fr\/faire-un-don\/#breadcrumb"},"inLanguage":"fr-FR","potentialAction":[{"@type":"ReadAction","target":["https:\/\/africanchelonian.org\/fr\/faire-un-don\/"]}]},{"@type":"ImageObject","inLanguage":"fr-FR","@id":"https:\/\/africanchelonian.org\/fr\/faire-un-don\/#primaryimage","url":"https:\/\/africanchelonian.org\/wp-content\/uploads\/2015\/01\/ACIbg.jpg","contentUrl":"https:\/\/africanchelonian.org\/wp-content\/uploads\/2015\/01\/ACIbg.jpg","width":1920,"height":1200},{"@type":"BreadcrumbList","@id":"https:\/\/africanchelonian.org\/fr\/faire-un-don\/#breadcrumb","itemListElement":[{"@type":"ListItem","position":1,"name":"Home","item":"https:\/\/africanchelonian.org\/fr\/"},{"@type":"ListItem","position":2,"name":"Faire un Don"}]},{"@type":"WebSite","@id":"https:\/\/africanchelonian.org\/#website","url":"https:\/\/africanchelonian.org\/","name":"African Chelonian Institute","description":"Recherche. Education. Conservation.","publisher":{"@id":"https:\/\/africanchelonian.org\/#organization"},"potentialAction":[{"@type":"SearchAction","target":{"@type":"EntryPoint","urlTemplate":"https:\/\/africanchelonian.org\/?s={search_term_string}"},"query-input":{"@type":"PropertyValueSpecification","valueRequired":true,"valueName":"search_term_string"}}],"inLanguage":"fr-FR"},{"@type":"Organization","@id":"https:\/\/africanchelonian.org\/#organization","name":"African Chelonian Institute","url":"https:\/\/africanchelonian.org\/","logo":{"@type":"ImageObject","inLanguage":"fr-FR","@id":"https:\/\/africanchelonian.org\/#\/schema\/logo\/image\/","url":"https:\/\/africanchelonian.org\/wp-content\/uploads\/2025\/08\/ACI-header-logo@4x-scaled.png","contentUrl":"https:\/\/africanchelonian.org\/wp-content\/uploads\/2025\/08\/ACI-header-logo@4x-scaled.png","width":"2560","height":"1313","caption":"African Chelonian Institute"},"image":{"@id":"https:\/\/africanchelonian.org\/#\/schema\/logo\/image\/"},"sameAs":["https:\/\/www.facebook.com\/AfricanChelonianInstitute"]}]}},"campaignId":"","_links":{"self":[{"href":"https:\/\/africanchelonian.org\/fr\/wp-json\/wp\/v2\/pages\/1257","targetHints":{"allow":["GET"]}}],"collection":[{"href":"https:\/\/africanchelonian.org\/fr\/wp-json\/wp\/v2\/pages"}],"about":[{"href":"https:\/\/africanchelonian.org\/fr\/wp-json\/wp\/v2\/types\/page"}],"author":[{"embeddable":true,"href":"https:\/\/africanchelonian.org\/fr\/wp-json\/wp\/v2\/users\/1"}],"replies":[{"embeddable":true,"href":"https:\/\/africanchelonian.org\/fr\/wp-json\/wp\/v2\/comments?post=1257"}],"version-history":[{"count":5,"href":"https:\/\/africanchelonian.org\/fr\/wp-json\/wp\/v2\/pages\/1257\/revisions"}],"predecessor-version":[{"id":1750,"href":"https:\/\/africanchelonian.org\/fr\/wp-json\/wp\/v2\/pages\/1257\/revisions\/1750"}],"wp:featuredmedia":[{"embeddable":true,"href":"https:\/\/africanchelonian.org\/fr\/wp-json\/wp\/v2\/media\/870"}],"wp:attachment":[{"href":"https:\/\/africanchelonian.org\/fr\/wp-json\/wp\/v2\/media?parent=1257"}],"curies":[{"name":"wp","href":"https:\/\/api.w.org\/{rel}","templated":true}]}}