{"id":1632,"date":"2025-10-08T18:27:07","date_gmt":"2025-10-08T18:27:07","guid":{"rendered":"https:\/\/devo2.theturtleroom.org\/?page_id=1632"},"modified":"2025-10-10T15:19:03","modified_gmt":"2025-10-10T15:19:03","slug":"ptn","status":"publish","type":"page","link":"https:\/\/africanchelonian.org\/fr\/ptn\/","title":{"rendered":"le Parc Tortues et Nature (PTN)"},"content":{"rendered":"<h1 class=\"ptn\">le Parc Tortues et Nature (PTN)<\/h1>\n<p><img loading=\"lazy\" decoding=\"async\" src=\"https:\/\/devo2.theturtleroom.org\/wp-content\/uploads\/2025\/10\/PTN-Logo.jpg\" alt=\"Turtle and Nature Park (PTN)\" width=\"828\" height=\"405\" class=\"aligncenter size-full wp-image-1304 ptn\" srcset=\"https:\/\/africanchelonian.org\/wp-content\/uploads\/2025\/10\/PTN-Logo.jpg 828w, https:\/\/africanchelonian.org\/wp-content\/uploads\/2025\/10\/PTN-Logo-300x147.jpg 300w, https:\/\/africanchelonian.org\/wp-content\/uploads\/2025\/10\/PTN-Logo-768x376.jpg 768w, https:\/\/africanchelonian.org\/wp-content\/uploads\/2025\/10\/PTN-Logo-500x245.jpg 500w, https:\/\/africanchelonian.org\/wp-content\/uploads\/2025\/10\/PTN-Logo-307x150.jpg 307w\" sizes=\"auto, (max-width: 828px) 100vw, 828px\" \/>Actuellement nous travaillons pour construire le Parc Tortues et Nature (PTN) et comptons ouvrir en automne 2027.Ce sera le premier parc enti\u00e8rement d\u00e9di\u00e9e aux tortues Africaines et sera construit sur une surface r\u00e9serv\u00e9e de 20,000 m2 qui va comporter un grand parking visiteurs plus de 20 esp\u00e8ces de tortues d\u2019Afrique et 130 especes d\u2019arbres et de plantes dans un d\u00e9cor unique. Plusieurs unit\u00e9s connectes par un sentier de visite vont accueillir et soigner des tortues marines bless\u00e9es mais surtout un mus\u00e9e avec au moins 47 objets d\u2019art tribal li\u00e9es aux tortues seront expos\u00e9s. Ce sera un lieu unique pour l\u2019\u00e9ducation la sensibilisation et aussi la conservation de ces especes. Son acc\u00e8s facile 2h 30 de route de Dakar la capitale du Senegal et juste une heure de la Station touristique de Saly. Nous permettent ainsi d\u2019esp\u00e9rer accueillir plus de 40,000 visiteurs par an, et sera ainsi un outil important pour g\u00e9n\u00e9rer des multiples emplois locaux et tout r\u00e9sultat et b\u00e9n\u00e9fice de l\u2019exploitation de ce centre sera investi dans le financement de nos efforts et programmes de conservation des tortues en Afrique et afin d\u2019assurer leur p\u00e9rennit\u00e9 dans le long terme.<\/p>\n","protected":false},"excerpt":{"rendered":"<p>le Parc Tortues et Nature (PTN) Actuellement nous travaillons pour construire le Parc Tortues et Nature (PTN) et comptons ouvrir en automne 2027.Ce sera le premier parc enti\u00e8rement d\u00e9di\u00e9e aux tortues Africaines et sera construit sur une surface r\u00e9serv\u00e9e de 20,000 m2 qui va comporter un grand parking visiteurs plus de 20 esp\u00e8ces de tortues d\u2019Afrique et 130 especes d\u2019arbres et de plantes dans un [&hellip;]<\/p>\n","protected":false},"author":1,"featured_media":1303,"parent":0,"menu_order":0,"comment_status":"closed","ping_status":"closed","template":"","meta":{"give_campaign_id":0,"_monsterinsights_skip_tracking":false,"_monsterinsights_sitenote_active":false,"_monsterinsights_sitenote_note":"","_monsterinsights_sitenote_category":0,"site-sidebar-layout":"default","site-content-layout":"","ast-site-content-layout":"default","site-content-style":"default","site-sidebar-style":"default","ast-global-header-display":"","ast-banner-title-visibility":"","ast-main-header-display":"","ast-hfb-above-header-display":"","ast-hfb-below-header-display":"","ast-hfb-mobile-header-display":"","site-post-title":"disabled","ast-breadcrumbs-content":"","ast-featured-img":"disabled","footer-sml-layout":"","theme-transparent-header-meta":"default","adv-header-id-meta":"","stick-header-meta":"default","header-above-stick-meta":"","header-main-stick-meta":"","header-below-stick-meta":"","astra-migrate-meta-layouts":"set","ast-page-background-enabled":"default","ast-page-background-meta":{"desktop":{"background-color":"","background-image":"","background-repeat":"repeat","background-position":"center center","background-size":"auto","background-attachment":"scroll","background-type":"","background-media":"","overlay-type":"","overlay-color":"","overlay-opacity":"","overlay-gradient":""},"tablet":{"background-color":"","background-image":"","background-repeat":"repeat","background-position":"center center","background-size":"auto","background-attachment":"scroll","background-type":"","background-media":"","overlay-type":"","overlay-color":"","overlay-opacity":"","overlay-gradient":""},"mobile":{"background-color":"","background-image":"","background-repeat":"repeat","background-position":"center center","background-size":"auto","background-attachment":"scroll","background-type":"","background-media":"","overlay-type":"","overlay-color":"","overlay-opacity":"","overlay-gradient":""}},"ast-content-background-meta":{"desktop":{"background-color":"var(--ast-global-color-5)","background-image":"","background-repeat":"repeat","background-position":"center center","background-size":"auto","background-attachment":"scroll","background-type":"","background-media":"","overlay-type":"","overlay-color":"","overlay-opacity":"","overlay-gradient":""},"tablet":{"background-color":"var(--ast-global-color-5)","background-image":"","background-repeat":"repeat","background-position":"center center","background-size":"auto","background-attachment":"scroll","background-type":"","background-media":"","overlay-type":"","overlay-color":"","overlay-opacity":"","overlay-gradient":""},"mobile":{"background-color":"var(--ast-global-color-5)","background-image":"","background-repeat":"repeat","background-position":"center center","background-size":"auto","background-attachment":"scroll","background-type":"","background-media":"","overlay-type":"","overlay-color":"","overlay-opacity":"","overlay-gradient":""}},"footnotes":""},"class_list":["post-1632","page","type-page","status-publish","has-post-thumbnail","hentry"],"yoast_head":"<!-- This site is optimized with the Yoast SEO plugin v26.5 - https:\/\/yoast.com\/wordpress\/plugins\/seo\/ -->\n<title>le Parc Tortues et Nature (PTN) - African Chelonian Institute<\/title>\n<meta name=\"robots\" content=\"index, follow, max-snippet:-1, max-image-preview:large, max-video-preview:-1\" \/>\n<link rel=\"canonical\" href=\"https:\/\/africanchelonian.org\/fr\/ptn\/\" \/>\n<meta property=\"og:locale\" content=\"fr_FR\" \/>\n<meta property=\"og:type\" content=\"article\" \/>\n<meta property=\"og:title\" content=\"le Parc Tortues et Nature (PTN) - African Chelonian Institute\" \/>\n<meta property=\"og:description\" content=\"le Parc Tortues et Nature (PTN) Actuellement nous travaillons pour construire le Parc Tortues et Nature (PTN) et comptons ouvrir en automne 2027.Ce sera le premier parc enti\u00e8rement d\u00e9di\u00e9e aux tortues Africaines et sera construit sur une surface r\u00e9serv\u00e9e de 20,000 m2 qui va comporter un grand parking visiteurs plus de 20 esp\u00e8ces de tortues d\u2019Afrique et 130 especes d\u2019arbres et de plantes dans un [&hellip;]\" \/>\n<meta property=\"og:url\" content=\"https:\/\/africanchelonian.org\/fr\/ptn\/\" \/>\n<meta property=\"og:site_name\" content=\"African Chelonian Institute\" \/>\n<meta property=\"article:publisher\" content=\"https:\/\/www.facebook.com\/AfricanChelonianInstitute\" \/>\n<meta property=\"article:modified_time\" content=\"2025-10-10T15:19:03+00:00\" \/>\n<meta property=\"og:image\" content=\"https:\/\/africanchelonian.org\/wp-content\/uploads\/2025\/10\/PTN-Logo.jpg\" \/>\n\t<meta property=\"og:image:width\" content=\"828\" \/>\n\t<meta property=\"og:image:height\" content=\"405\" \/>\n\t<meta property=\"og:image:type\" content=\"image\/jpeg\" \/>\n<meta name=\"twitter:card\" content=\"summary_large_image\" \/>\n<meta name=\"twitter:label1\" content=\"Dur\u00e9e de lecture estim\u00e9e\" \/>\n\t<meta name=\"twitter:data1\" content=\"2 minutes\" \/>\n<script type=\"application\/ld+json\" class=\"yoast-schema-graph\">{\"@context\":\"https:\/\/schema.org\",\"@graph\":[{\"@type\":\"WebPage\",\"@id\":\"https:\/\/africanchelonian.org\/fr\/ptn\/\",\"url\":\"https:\/\/africanchelonian.org\/fr\/ptn\/\",\"name\":\"le Parc Tortues et Nature (PTN) - African Chelonian Institute\",\"isPartOf\":{\"@id\":\"https:\/\/africanchelonian.org\/#website\"},\"primaryImageOfPage\":{\"@id\":\"https:\/\/africanchelonian.org\/fr\/ptn\/#primaryimage\"},\"image\":{\"@id\":\"https:\/\/africanchelonian.org\/fr\/ptn\/#primaryimage\"},\"thumbnailUrl\":\"https:\/\/africanchelonian.org\/wp-content\/uploads\/2025\/10\/PTN-Logo.jpg\",\"datePublished\":\"2025-10-08T18:27:07+00:00\",\"dateModified\":\"2025-10-10T15:19:03+00:00\",\"breadcrumb\":{\"@id\":\"https:\/\/africanchelonian.org\/fr\/ptn\/#breadcrumb\"},\"inLanguage\":\"fr-FR\",\"potentialAction\":[{\"@type\":\"ReadAction\",\"target\":[\"https:\/\/africanchelonian.org\/fr\/ptn\/\"]}]},{\"@type\":\"ImageObject\",\"inLanguage\":\"fr-FR\",\"@id\":\"https:\/\/africanchelonian.org\/fr\/ptn\/#primaryimage\",\"url\":\"https:\/\/africanchelonian.org\/wp-content\/uploads\/2025\/10\/PTN-Logo.jpg\",\"contentUrl\":\"https:\/\/africanchelonian.org\/wp-content\/uploads\/2025\/10\/PTN-Logo.jpg\",\"width\":\"828\",\"height\":\"405\"},{\"@type\":\"BreadcrumbList\",\"@id\":\"https:\/\/africanchelonian.org\/fr\/ptn\/#breadcrumb\",\"itemListElement\":[{\"@type\":\"ListItem\",\"position\":1,\"name\":\"Home\",\"item\":\"https:\/\/africanchelonian.org\/fr\/\"},{\"@type\":\"ListItem\",\"position\":2,\"name\":\"le Parc Tortues et Nature (PTN)\"}]},{\"@type\":\"WebSite\",\"@id\":\"https:\/\/africanchelonian.org\/#website\",\"url\":\"https:\/\/africanchelonian.org\/\",\"name\":\"African Chelonian Institute\",\"description\":\"Recherche. Education. Conservation.\",\"publisher\":{\"@id\":\"https:\/\/africanchelonian.org\/#organization\"},\"potentialAction\":[{\"@type\":\"SearchAction\",\"target\":{\"@type\":\"EntryPoint\",\"urlTemplate\":\"https:\/\/africanchelonian.org\/?s={search_term_string}\"},\"query-input\":{\"@type\":\"PropertyValueSpecification\",\"valueRequired\":true,\"valueName\":\"search_term_string\"}}],\"inLanguage\":\"fr-FR\"},{\"@type\":\"Organization\",\"@id\":\"https:\/\/africanchelonian.org\/#organization\",\"name\":\"African Chelonian Institute\",\"url\":\"https:\/\/africanchelonian.org\/\",\"logo\":{\"@type\":\"ImageObject\",\"inLanguage\":\"fr-FR\",\"@id\":\"https:\/\/africanchelonian.org\/#\/schema\/logo\/image\/\",\"url\":\"https:\/\/africanchelonian.org\/wp-content\/uploads\/2025\/08\/ACI-header-logo@4x-scaled.png\",\"contentUrl\":\"https:\/\/africanchelonian.org\/wp-content\/uploads\/2025\/08\/ACI-header-logo@4x-scaled.png\",\"width\":\"2560\",\"height\":\"1313\",\"caption\":\"African Chelonian Institute\"},\"image\":{\"@id\":\"https:\/\/africanchelonian.org\/#\/schema\/logo\/image\/\"},\"sameAs\":[\"https:\/\/www.facebook.com\/AfricanChelonianInstitute\"]}]}<\/script>\n<!-- \/ Yoast SEO plugin. -->","yoast_head_json":{"title":"le Parc Tortues et Nature (PTN) - African Chelonian Institute","robots":{"index":"index","follow":"follow","max-snippet":"max-snippet:-1","max-image-preview":"max-image-preview:large","max-video-preview":"max-video-preview:-1"},"canonical":"https:\/\/africanchelonian.org\/fr\/ptn\/","og_locale":"fr_FR","og_type":"article","og_title":"le Parc Tortues et Nature (PTN) - African Chelonian Institute","og_description":"le Parc Tortues et Nature (PTN) Actuellement nous travaillons pour construire le Parc Tortues et Nature (PTN) et comptons ouvrir en automne 2027.Ce sera le premier parc enti\u00e8rement d\u00e9di\u00e9e aux tortues Africaines et sera construit sur une surface r\u00e9serv\u00e9e de 20,000 m2 qui va comporter un grand parking visiteurs plus de 20 esp\u00e8ces de tortues d\u2019Afrique et 130 especes d\u2019arbres et de plantes dans un [&hellip;]","og_url":"https:\/\/africanchelonian.org\/fr\/ptn\/","og_site_name":"African Chelonian Institute","article_publisher":"https:\/\/www.facebook.com\/AfricanChelonianInstitute","article_modified_time":"2025-10-10T15:19:03+00:00","og_image":[{"width":828,"height":405,"url":"https:\/\/africanchelonian.org\/wp-content\/uploads\/2025\/10\/PTN-Logo.jpg","type":"image\/jpeg"}],"twitter_card":"summary_large_image","twitter_misc":{"Dur\u00e9e de lecture estim\u00e9e":"2 minutes"},"schema":{"@context":"https:\/\/schema.org","@graph":[{"@type":"WebPage","@id":"https:\/\/africanchelonian.org\/fr\/ptn\/","url":"https:\/\/africanchelonian.org\/fr\/ptn\/","name":"le Parc Tortues et Nature (PTN) - African Chelonian Institute","isPartOf":{"@id":"https:\/\/africanchelonian.org\/#website"},"primaryImageOfPage":{"@id":"https:\/\/africanchelonian.org\/fr\/ptn\/#primaryimage"},"image":{"@id":"https:\/\/africanchelonian.org\/fr\/ptn\/#primaryimage"},"thumbnailUrl":"https:\/\/africanchelonian.org\/wp-content\/uploads\/2025\/10\/PTN-Logo.jpg","datePublished":"2025-10-08T18:27:07+00:00","dateModified":"2025-10-10T15:19:03+00:00","breadcrumb":{"@id":"https:\/\/africanchelonian.org\/fr\/ptn\/#breadcrumb"},"inLanguage":"fr-FR","potentialAction":[{"@type":"ReadAction","target":["https:\/\/africanchelonian.org\/fr\/ptn\/"]}]},{"@type":"ImageObject","inLanguage":"fr-FR","@id":"https:\/\/africanchelonian.org\/fr\/ptn\/#primaryimage","url":"https:\/\/africanchelonian.org\/wp-content\/uploads\/2025\/10\/PTN-Logo.jpg","contentUrl":"https:\/\/africanchelonian.org\/wp-content\/uploads\/2025\/10\/PTN-Logo.jpg","width":"828","height":"405"},{"@type":"BreadcrumbList","@id":"https:\/\/africanchelonian.org\/fr\/ptn\/#breadcrumb","itemListElement":[{"@type":"ListItem","position":1,"name":"Home","item":"https:\/\/africanchelonian.org\/fr\/"},{"@type":"ListItem","position":2,"name":"le Parc Tortues et Nature (PTN)"}]},{"@type":"WebSite","@id":"https:\/\/africanchelonian.org\/#website","url":"https:\/\/africanchelonian.org\/","name":"African Chelonian Institute","description":"Recherche. Education. Conservation.","publisher":{"@id":"https:\/\/africanchelonian.org\/#organization"},"potentialAction":[{"@type":"SearchAction","target":{"@type":"EntryPoint","urlTemplate":"https:\/\/africanchelonian.org\/?s={search_term_string}"},"query-input":{"@type":"PropertyValueSpecification","valueRequired":true,"valueName":"search_term_string"}}],"inLanguage":"fr-FR"},{"@type":"Organization","@id":"https:\/\/africanchelonian.org\/#organization","name":"African Chelonian Institute","url":"https:\/\/africanchelonian.org\/","logo":{"@type":"ImageObject","inLanguage":"fr-FR","@id":"https:\/\/africanchelonian.org\/#\/schema\/logo\/image\/","url":"https:\/\/africanchelonian.org\/wp-content\/uploads\/2025\/08\/ACI-header-logo@4x-scaled.png","contentUrl":"https:\/\/africanchelonian.org\/wp-content\/uploads\/2025\/08\/ACI-header-logo@4x-scaled.png","width":"2560","height":"1313","caption":"African Chelonian Institute"},"image":{"@id":"https:\/\/africanchelonian.org\/#\/schema\/logo\/image\/"},"sameAs":["https:\/\/www.facebook.com\/AfricanChelonianInstitute"]}]}},"campaignId":"","_links":{"self":[{"href":"https:\/\/africanchelonian.org\/fr\/wp-json\/wp\/v2\/pages\/1632","targetHints":{"allow":["GET"]}}],"collection":[{"href":"https:\/\/africanchelonian.org\/fr\/wp-json\/wp\/v2\/pages"}],"about":[{"href":"https:\/\/africanchelonian.org\/fr\/wp-json\/wp\/v2\/types\/page"}],"author":[{"embeddable":true,"href":"https:\/\/africanchelonian.org\/fr\/wp-json\/wp\/v2\/users\/1"}],"replies":[{"embeddable":true,"href":"https:\/\/africanchelonian.org\/fr\/wp-json\/wp\/v2\/comments?post=1632"}],"version-history":[{"count":5,"href":"https:\/\/africanchelonian.org\/fr\/wp-json\/wp\/v2\/pages\/1632\/revisions"}],"predecessor-version":[{"id":1694,"href":"https:\/\/africanchelonian.org\/fr\/wp-json\/wp\/v2\/pages\/1632\/revisions\/1694"}],"wp:featuredmedia":[{"embeddable":true,"href":"https:\/\/africanchelonian.org\/fr\/wp-json\/wp\/v2\/media\/1303"}],"wp:attachment":[{"href":"https:\/\/africanchelonian.org\/fr\/wp-json\/wp\/v2\/media?parent=1632"}],"curies":[{"name":"wp","href":"https:\/\/api.w.org\/{rel}","templated":true}]}}