{"id":350,"date":"2015-01-10T17:04:34","date_gmt":"2015-01-10T17:04:34","guid":{"rendered":"http:\/\/africanchelonian.org\/?page_id=350"},"modified":"2025-10-06T11:56:33","modified_gmt":"2025-10-06T11:56:33","slug":"partenaires","status":"publish","type":"page","link":"https:\/\/africanchelonian.org\/fr\/partenaires\/","title":{"rendered":"Partenaires"},"content":{"rendered":"<p>l\u2019Institut Africain pour l\u2019Etude et la Protection des Tortues appr\u00e9cie la collaboration et le soutien de nos partenaires dans le monde entier. Qu&rsquo;ils fournissent des subventions essentielles \u00e0 l&rsquo;appui de nos programmes de terrain ou participent \u00e0 des \u00e9tudes avec notre \u00e9quipe, les partenaires suivants sont essentiels au succ\u00e8s de notre mission. Cliquez sur n&rsquo;importe quel logo pour afficher le site Web de chaque partenaire.<\/p>\n<script type=\"text\/javascript\" src=\"\/\/africanaquaticconservation.org\/assets\/partners.min.js\"><\/script><div class=\"partner_wrap ast-container\" style=\"margin-top:30px;\"><div class=\"partner-gallery ast-row\"><div class=\"partner-logo\"><a href=\"http:\/\/https:\/\/www.fondationbrigittebardot.fr\/\" class=\"partnerlink\" title=\"Foundation Brigitte Bardot\" target=\"_blank\"><img loading=\"lazy\" decoding=\"async\" src=\"https:\/\/africanchelonian.org\/wp-content\/uploads\/2025\/10\/FondationBrigitteBardot-150x150.png\" alt=\"Foundation Brigitte Bardot\" title=\"Foundation Brigitte Bardot\" class=\"partner-logo-img title-tooltip\" width=\"150\" height=\"150\" \/><\/a><\/div><div class=\"partner-logo\"><a href=\"http:\/\/https:\/\/wacsi.org\/\" class=\"partnerlink\" title=\"West Africa Civil Society Institute\" target=\"_blank\"><img loading=\"lazy\" decoding=\"async\" src=\"https:\/\/africanchelonian.org\/wp-content\/uploads\/2025\/10\/LOGO-WACSI-1-278x150.png\" alt=\"West Africa Civil Society Institute\" title=\"West Africa Civil Society Institute\" class=\"partner-logo-img title-tooltip\" width=\"278\" height=\"150\" \/><\/a><\/div><div class=\"partner-logo\"><a href=\"http:\/\/https:\/\/zoo.wroclaw.pl\/\" class=\"partnerlink\" title=\"Zoo Wroclaw\" target=\"_blank\"><img loading=\"lazy\" decoding=\"async\" src=\"https:\/\/africanchelonian.org\/wp-content\/uploads\/2025\/10\/ZooWroclaw-500x150.png\" alt=\"Zoo Wroclaw\" title=\"Zoo Wroclaw\" class=\"partner-logo-img title-tooltip\" width=\"500\" height=\"150\" \/><\/a><\/div><div class=\"partner-logo\"><a href=\"http:\/\/https:\/\/www.zoo-ostrava.cz\/\" class=\"partnerlink\" title=\"Zoo Ostrava\" target=\"_blank\"><img loading=\"lazy\" decoding=\"async\" src=\"https:\/\/africanchelonian.org\/wp-content\/uploads\/2025\/10\/ZooOstrava.png\" alt=\"Zoo Ostrava\" title=\"Zoo Ostrava\" class=\"partner-logo-img title-tooltip\" width=\"150\" height=\"64\" \/><\/a><\/div><div class=\"partner-logo\"><a href=\"http:\/\/https:\/\/www.acupulatta.com\/\" class=\"partnerlink\" title=\"A Cupulatta\" target=\"_blank\"><img loading=\"lazy\" decoding=\"async\" src=\"https:\/\/africanchelonian.org\/wp-content\/uploads\/2025\/10\/logo-Acupulatta-2-150x150.jpg\" alt=\"A Cupulatta\" title=\"A Cupulatta\" class=\"partner-logo-img title-tooltip\" width=\"150\" height=\"150\" \/><\/a><\/div><div class=\"partner-logo\"><a href=\"http:\/\/https:\/\/www.gesplan.es\/\" class=\"partnerlink\" title=\"GESPLAN\" target=\"_blank\"><img loading=\"lazy\" decoding=\"async\" src=\"https:\/\/africanchelonian.org\/wp-content\/uploads\/2025\/10\/gesplan-239x150.png\" alt=\"GESPLAN\" title=\"GESPLAN\" class=\"partner-logo-img title-tooltip\" width=\"239\" height=\"150\" \/><\/a><\/div><div class=\"partner-logo\"><a href=\"http:\/\/https:\/\/ucoopia.org\/\" class=\"partnerlink\" title=\"Ucoopia\" target=\"_blank\"><img loading=\"lazy\" decoding=\"async\" src=\"https:\/\/africanchelonian.org\/wp-content\/uploads\/2025\/10\/Ucoopia-224x150.png\" alt=\"Ucoopia\" title=\"Ucoopia\" class=\"partner-logo-img title-tooltip\" width=\"224\" height=\"150\" \/><\/a><\/div><div class=\"partner-logo\"><a href=\"http:\/\/https:\/\/www.ucad.sn\/ \" class=\"partnerlink\" title=\"Universit\u00e9 Cheikh Anta Diop\" target=\"_blank\"><img loading=\"lazy\" decoding=\"async\" src=\"https:\/\/africanchelonian.org\/wp-content\/uploads\/2025\/10\/UniversiteCheikhAntaDiopDeDakar.jpg\" alt=\"Universit\u00e9 Cheikh Anta Diop\" title=\"Universit\u00e9 Cheikh Anta Diop\" class=\"partner-logo-img title-tooltip\" width=\"280\" height=\"100\" \/><\/a><\/div><div class=\"partner-logo\"><a href=\"http:\/\/https:\/\/www.facebook.com\/villagetortuesnoflaye\" class=\"partnerlink\" title=\"Village des Tortues\" target=\"_blank\"><img loading=\"lazy\" decoding=\"async\" src=\"https:\/\/africanchelonian.org\/wp-content\/uploads\/2025\/10\/VillageTortues-500x126.png\" alt=\"Village des Tortues\" title=\"Village des Tortues\" class=\"partner-logo-img title-tooltip\" width=\"500\" height=\"126\" \/><\/a><\/div><div class=\"partner-logo\"><a href=\"http:\/\/https:\/\/www.prcmarine.org\/en\/\" class=\"partnerlink\" title=\"PRCM\" target=\"_blank\"><img loading=\"lazy\" decoding=\"async\" src=\"https:\/\/africanchelonian.org\/wp-content\/uploads\/2025\/10\/PRCM-151x150.png\" alt=\"PRCM\" title=\"PRCM\" class=\"partner-logo-img title-tooltip\" width=\"151\" height=\"150\" \/><\/a><\/div><div class=\"partner-logo\"><a href=\"http:\/\/https:\/\/agiresn.org\/\" class=\"partnerlink\" title=\"AGIRE\" target=\"_blank\"><img loading=\"lazy\" decoding=\"async\" src=\"https:\/\/africanchelonian.org\/wp-content\/uploads\/2025\/10\/AGIRE-148x150.png\" alt=\"AGIRE\" title=\"AGIRE\" class=\"partner-logo-img title-tooltip\" width=\"148\" height=\"150\" \/><\/a><\/div><div class=\"partner-logo\"><a href=\"http:\/\/https:\/\/www.facebook.com\/profile.php?id=100082346624662\" class=\"partnerlink\" title=\"Direction des Parcs Nationaux du Senegal\" target=\"_blank\"><img loading=\"lazy\" decoding=\"async\" src=\"https:\/\/africanchelonian.org\/wp-content\/uploads\/2025\/10\/DirectionParcsNationauxSenegal-164x150.png\" alt=\"Direction des Parcs Nationaux du Senegal\" title=\"Direction des Parcs Nationaux du Senegal\" class=\"partner-logo-img title-tooltip\" width=\"164\" height=\"150\" \/><\/a><\/div><div class=\"partner-logo\"><a href=\"http:\/\/https:\/\/www.facebook.com\/smileforlifethegambia\" class=\"partnerlink\" title=\"Smile for Life\" target=\"_blank\"><img loading=\"lazy\" decoding=\"async\" src=\"https:\/\/africanchelonian.org\/wp-content\/uploads\/2025\/10\/SmileForLife-157x150.jpg\" alt=\"Smile for Life\" title=\"Smile for Life\" class=\"partner-logo-img title-tooltip\" width=\"157\" height=\"150\" \/><\/a><\/div><div class=\"partner-logo\"><a href=\"http:\/\/https:\/\/www.goodplanet.org\/\" class=\"partnerlink\" title=\"Fondation Goodplanet\" target=\"_blank\"><img loading=\"lazy\" decoding=\"async\" src=\"https:\/\/africanchelonian.org\/wp-content\/uploads\/2025\/10\/FondationGoodplanet-145x150.png\" alt=\"Fondation Goodplanet\" title=\"Fondation Goodplanet\" class=\"partner-logo-img title-tooltip\" width=\"145\" height=\"150\" \/><\/a><\/div><div class=\"partner-logo\"><a href=\"http:\/\/https:\/\/www.speciesconservation.org\/\" class=\"partnerlink\" title=\"The Mohamed bin Zayed Species Conservation Fund\" target=\"_blank\"><img loading=\"lazy\" decoding=\"async\" src=\"https:\/\/africanchelonian.org\/wp-content\/uploads\/2015\/01\/species-conservation-fund-logo.png\" alt=\"The Mohamed bin Zayed Species Conservation Fund\" title=\"The Mohamed bin Zayed Species Conservation Fund\" class=\"partner-logo-img title-tooltip\" width=\"373\" height=\"86\" \/><\/a><\/div><div class=\"partner-logo\"><a href=\"http:\/\/https:\/\/www.nationalgeographic.com\/\" class=\"partnerlink\" title=\"National Geographic\" target=\"_blank\"><img loading=\"lazy\" decoding=\"async\" src=\"https:\/\/africanchelonian.org\/wp-content\/uploads\/2020\/01\/National-Geographic-Logo-768x347-1.png\" alt=\"National Geographic\" title=\"National Geographic\" class=\"partner-logo-img title-tooltip\" width=\"332\" height=\"150\" \/><\/a><\/div><div class=\"partner-logo\"><a href=\"http:\/\/https:\/\/www.fws.gov\/\" class=\"partnerlink\" title=\"United States Fish and Wildlife Service\" target=\"_blank\"><img loading=\"lazy\" decoding=\"async\" src=\"https:\/\/africanchelonian.org\/wp-content\/uploads\/2025\/10\/US-FWS-logo-1-126x150.png\" alt=\"United States Fish and Wildlife Service\" title=\"United States Fish and Wildlife Service\" class=\"partner-logo-img title-tooltip\" width=\"126\" height=\"150\" \/><\/a><\/div><div class=\"partner-logo\"><a href=\"http:\/\/https:\/\/fondation.natureetdecouvertes.com\/\" class=\"partnerlink\" title=\"Fondation Nature &amp; Decouvertes\" target=\"_blank\"><img loading=\"lazy\" decoding=\"async\" src=\"https:\/\/africanchelonian.org\/wp-content\/uploads\/2015\/01\/FondationNatureDecouvertes-140h.jpg\" alt=\"Fondation Nature &amp; Decouvertes\" title=\"Fondation Nature &amp; Decouvertes\" class=\"partner-logo-img title-tooltip\" width=\"299\" height=\"140\" \/><\/a><\/div><div class=\"partner-logo\"><a href=\"http:\/\/https:\/\/www.neaq.org\/\" class=\"partnerlink\" title=\"New England Aquarium\" target=\"_blank\"><img loading=\"lazy\" decoding=\"async\" src=\"https:\/\/africanchelonian.org\/wp-content\/uploads\/2015\/07\/NEAq_MCAF_logo.jpg\" alt=\"New England Aquarium\" title=\"New England Aquarium\" class=\"partner-logo-img title-tooltip\" width=\"248\" height=\"150\" \/><\/a><\/div><div class=\"partner-logo\"><a href=\"http:\/\/https:\/\/theturtleroom.org\/\" class=\"partnerlink\" title=\"theTurtleRoom\" target=\"_blank\"><img loading=\"lazy\" decoding=\"async\" src=\"https:\/\/africanchelonian.org\/wp-content\/uploads\/2015\/01\/theTurtleRoomFull-140.png\" alt=\"theTurtleRoom\" title=\"theTurtleRoom\" class=\"partner-logo-img title-tooltip\" width=\"500\" height=\"132\" \/><\/a><\/div><div class=\"partner-logo\"><a href=\"http:\/\/https:\/\/chelonian.org\/\" class=\"partnerlink\" title=\"Chelonian Research Foundation\" target=\"_blank\"><img loading=\"lazy\" decoding=\"async\" src=\"https:\/\/africanchelonian.org\/wp-content\/uploads\/2015\/01\/ChelonianResearchFoundation.gif\" alt=\"Chelonian Research Foundation\" title=\"Chelonian Research Foundation\" class=\"partner-logo-img title-tooltip\" width=\"128\" height=\"124\" \/><\/a><\/div><div class=\"partner-logo\"><a href=\"http:\/\/https:\/\/turtleconservationfund.org\/\" class=\"partnerlink\" title=\"Turtle Conservation Fund\" target=\"_blank\"><img loading=\"lazy\" decoding=\"async\" src=\"https:\/\/africanchelonian.org\/wp-content\/uploads\/2015\/01\/TurtleConservationFund-140h.jpg\" alt=\"Turtle Conservation Fund\" title=\"Turtle Conservation Fund\" class=\"partner-logo-img title-tooltip\" width=\"144\" height=\"140\" \/><\/a><\/div><div class=\"partner-logo\"><a href=\"http:\/\/https:\/\/www.columbuszoo.org\/\" class=\"partnerlink\" title=\"Columbus Zoo\" target=\"_blank\"><img loading=\"lazy\" decoding=\"async\" src=\"https:\/\/africanchelonian.org\/wp-content\/uploads\/2015\/01\/ColumbusZoo.jpg\" alt=\"Columbus Zoo\" title=\"Columbus Zoo\" class=\"partner-logo-img title-tooltip\" width=\"150\" height=\"150\" \/><\/a><\/div><div class=\"partner-logo\"><a href=\"http:\/\/https:\/\/zoomed.com\/\" class=\"partnerlink\" title=\"Zoomed\" target=\"_blank\"><img loading=\"lazy\" decoding=\"async\" src=\"https:\/\/africanchelonian.org\/wp-content\/uploads\/2015\/01\/ZooMed.jpg\" alt=\"Zoomed\" title=\"Zoomed\" class=\"partner-logo-img title-tooltip\" width=\"150\" height=\"120\" \/><\/a><\/div><div class=\"partner-logo\"><a href=\"http:\/\/http:\/\/www.naturetropicale.org\/\" class=\"partnerlink\" title=\"Nature Tropicale\" target=\"_blank\"><img loading=\"lazy\" decoding=\"async\" src=\"https:\/\/africanchelonian.org\/wp-content\/uploads\/2015\/01\/nature_tropicale_ONG.jpg\" alt=\"Nature Tropicale\" title=\"Nature Tropicale\" class=\"partner-logo-img title-tooltip\" width=\"118\" height=\"92\" \/><\/a><\/div><div class=\"partner-logo\"><a href=\"http:\/\/http:\/\/www.britishcheloniagroup.org.uk\/\" class=\"partnerlink\" title=\"British Chelonia Group\" target=\"_blank\"><img loading=\"lazy\" decoding=\"async\" src=\"https:\/\/africanchelonian.org\/wp-content\/uploads\/2015\/01\/BritishCheloniaGroup-140h.jpg\" alt=\"British Chelonia Group\" title=\"British Chelonia Group\" class=\"partner-logo-img title-tooltip\" width=\"320\" height=\"140\" \/><\/a><\/div><div class=\"partner-logo\"><a href=\"https:\/\/wpml.org\/\" class=\"partnerlink\" title=\"WordPress Multilingual Plugin (WPML)\" target=\"_blank\"><img loading=\"lazy\" decoding=\"async\" src=\"\/\/africanaquaticconservation.org\/wp-content\/uploads\/2015\/01\/WPML.png\" alt=\"WPML\" title=\"WPML\" class=\"partner-logo-img title-tooltip\" width=\"265\" height=\"101\" \/><\/a><\/div><\/div><\/div><script type=\"text\/javascript\">jQuery(document).ready(function($){$gallery = $(\".partner-gallery\");$gallery.isotope({itemSelector:\".partner-logo\",layoutMode:\"packery\",packery:{gutter:35}});setTimeout(function(){$gallery.isotope(\"layout\");},100);});<\/script>\n<div class=\"spacer\"><\/div>\n","protected":false},"excerpt":{"rendered":"<p>l\u2019Institut Africain pour l\u2019Etude et la Protection des Tortues appr\u00e9cie la collaboration et le soutien de nos partenaires dans le monde entier. Qu&rsquo;ils fournissent des subventions essentielles \u00e0 l&rsquo;appui de nos programmes de terrain ou participent \u00e0 des \u00e9tudes avec notre \u00e9quipe, les partenaires suivants sont essentiels au succ\u00e8s de notre mission. Cliquez sur n&rsquo;importe quel logo pour afficher le site Web de chaque partenaire.<\/p>\n","protected":false},"author":1,"featured_media":1390,"parent":0,"menu_order":3,"comment_status":"closed","ping_status":"closed","template":"","meta":{"give_campaign_id":0,"_monsterinsights_skip_tracking":false,"_monsterinsights_sitenote_active":false,"_monsterinsights_sitenote_note":"","_monsterinsights_sitenote_category":0,"site-sidebar-layout":"default","site-content-layout":"","ast-site-content-layout":"default","site-content-style":"default","site-sidebar-style":"default","ast-global-header-display":"","ast-banner-title-visibility":"","ast-main-header-display":"","ast-hfb-above-header-display":"","ast-hfb-below-header-display":"","ast-hfb-mobile-header-display":"","site-post-title":"","ast-breadcrumbs-content":"","ast-featured-img":"","footer-sml-layout":"","theme-transparent-header-meta":"default","adv-header-id-meta":"1588","stick-header-meta":"default","header-above-stick-meta":"","header-main-stick-meta":"","header-below-stick-meta":"","astra-migrate-meta-layouts":"set","ast-page-background-enabled":"default","ast-page-background-meta":{"desktop":{"background-color":"","background-image":"","background-repeat":"repeat","background-position":"center center","background-size":"auto","background-attachment":"scroll","background-type":"","background-media":"","overlay-type":"","overlay-color":"","overlay-opacity":"","overlay-gradient":""},"tablet":{"background-color":"","background-image":"","background-repeat":"repeat","background-position":"center center","background-size":"auto","background-attachment":"scroll","background-type":"","background-media":"","overlay-type":"","overlay-color":"","overlay-opacity":"","overlay-gradient":""},"mobile":{"background-color":"","background-image":"","background-repeat":"repeat","background-position":"center center","background-size":"auto","background-attachment":"scroll","background-type":"","background-media":"","overlay-type":"","overlay-color":"","overlay-opacity":"","overlay-gradient":""}},"ast-content-background-meta":{"desktop":{"background-color":"var(--ast-global-color-5)","background-image":"","background-repeat":"repeat","background-position":"center center","background-size":"auto","background-attachment":"scroll","background-type":"","background-media":"","overlay-type":"","overlay-color":"","overlay-opacity":"","overlay-gradient":""},"tablet":{"background-color":"var(--ast-global-color-5)","background-image":"","background-repeat":"repeat","background-position":"center center","background-size":"auto","background-attachment":"scroll","background-type":"","background-media":"","overlay-type":"","overlay-color":"","overlay-opacity":"","overlay-gradient":""},"mobile":{"background-color":"var(--ast-global-color-5)","background-image":"","background-repeat":"repeat","background-position":"center center","background-size":"auto","background-attachment":"scroll","background-type":"","background-media":"","overlay-type":"","overlay-color":"","overlay-opacity":"","overlay-gradient":""}},"footnotes":""},"class_list":["post-350","page","type-page","status-publish","has-post-thumbnail","hentry"],"yoast_head":"<!-- This site is optimized with the Yoast SEO plugin v26.5 - https:\/\/yoast.com\/wordpress\/plugins\/seo\/ -->\n<title>Partenaires - African Chelonian Institute<\/title>\n<meta name=\"robots\" content=\"index, follow, max-snippet:-1, max-image-preview:large, max-video-preview:-1\" \/>\n<link rel=\"canonical\" href=\"https:\/\/africanchelonian.org\/fr\/partenaires\/\" \/>\n<meta property=\"og:locale\" content=\"fr_FR\" \/>\n<meta property=\"og:type\" content=\"article\" \/>\n<meta property=\"og:title\" content=\"Partenaires - African Chelonian Institute\" \/>\n<meta property=\"og:description\" content=\"l\u2019Institut Africain pour l\u2019Etude et la Protection des Tortues appr\u00e9cie la collaboration et le soutien de nos partenaires dans le monde entier. Qu&rsquo;ils fournissent des subventions essentielles \u00e0 l&rsquo;appui de nos programmes de terrain ou participent \u00e0 des \u00e9tudes avec notre \u00e9quipe, les partenaires suivants sont essentiels au succ\u00e8s de notre mission. Cliquez sur n&rsquo;importe quel logo pour afficher le site Web de chaque partenaire.\" \/>\n<meta property=\"og:url\" content=\"https:\/\/africanchelonian.org\/fr\/partenaires\/\" \/>\n<meta property=\"og:site_name\" content=\"African Chelonian Institute\" \/>\n<meta property=\"article:publisher\" content=\"https:\/\/www.facebook.com\/AfricanChelonianInstitute\" \/>\n<meta property=\"article:modified_time\" content=\"2025-10-06T11:56:33+00:00\" \/>\n<meta property=\"og:image\" content=\"https:\/\/africanchelonian.org\/wp-content\/uploads\/2025\/10\/DSC02368-scaled.jpg\" \/>\n\t<meta property=\"og:image:width\" content=\"2560\" \/>\n\t<meta property=\"og:image:height\" content=\"1709\" \/>\n\t<meta property=\"og:image:type\" content=\"image\/jpeg\" \/>\n<meta name=\"twitter:card\" content=\"summary_large_image\" \/>\n<meta name=\"twitter:label1\" content=\"Dur\u00e9e de lecture estim\u00e9e\" \/>\n\t<meta name=\"twitter:data1\" content=\"1 minute\" \/>\n<script type=\"application\/ld+json\" class=\"yoast-schema-graph\">{\"@context\":\"https:\/\/schema.org\",\"@graph\":[{\"@type\":\"WebPage\",\"@id\":\"https:\/\/africanchelonian.org\/fr\/partenaires\/\",\"url\":\"https:\/\/africanchelonian.org\/fr\/partenaires\/\",\"name\":\"Partenaires - African Chelonian Institute\",\"isPartOf\":{\"@id\":\"https:\/\/africanchelonian.org\/#website\"},\"primaryImageOfPage\":{\"@id\":\"https:\/\/africanchelonian.org\/fr\/partenaires\/#primaryimage\"},\"image\":{\"@id\":\"https:\/\/africanchelonian.org\/fr\/partenaires\/#primaryimage\"},\"thumbnailUrl\":\"https:\/\/africanchelonian.org\/wp-content\/uploads\/2025\/10\/DSC02368-scaled.jpg\",\"datePublished\":\"2015-01-10T17:04:34+00:00\",\"dateModified\":\"2025-10-06T11:56:33+00:00\",\"breadcrumb\":{\"@id\":\"https:\/\/africanchelonian.org\/fr\/partenaires\/#breadcrumb\"},\"inLanguage\":\"fr-FR\",\"potentialAction\":[{\"@type\":\"ReadAction\",\"target\":[\"https:\/\/africanchelonian.org\/fr\/partenaires\/\"]}]},{\"@type\":\"ImageObject\",\"inLanguage\":\"fr-FR\",\"@id\":\"https:\/\/africanchelonian.org\/fr\/partenaires\/#primaryimage\",\"url\":\"https:\/\/africanchelonian.org\/wp-content\/uploads\/2025\/10\/DSC02368-scaled.jpg\",\"contentUrl\":\"https:\/\/africanchelonian.org\/wp-content\/uploads\/2025\/10\/DSC02368-scaled.jpg\",\"width\":2560,\"height\":1709},{\"@type\":\"BreadcrumbList\",\"@id\":\"https:\/\/africanchelonian.org\/fr\/partenaires\/#breadcrumb\",\"itemListElement\":[{\"@type\":\"ListItem\",\"position\":1,\"name\":\"Home\",\"item\":\"https:\/\/africanchelonian.org\/fr\/\"},{\"@type\":\"ListItem\",\"position\":2,\"name\":\"Partenaires\"}]},{\"@type\":\"WebSite\",\"@id\":\"https:\/\/africanchelonian.org\/#website\",\"url\":\"https:\/\/africanchelonian.org\/\",\"name\":\"African Chelonian Institute\",\"description\":\"Recherche. Education. Conservation.\",\"publisher\":{\"@id\":\"https:\/\/africanchelonian.org\/#organization\"},\"potentialAction\":[{\"@type\":\"SearchAction\",\"target\":{\"@type\":\"EntryPoint\",\"urlTemplate\":\"https:\/\/africanchelonian.org\/?s={search_term_string}\"},\"query-input\":{\"@type\":\"PropertyValueSpecification\",\"valueRequired\":true,\"valueName\":\"search_term_string\"}}],\"inLanguage\":\"fr-FR\"},{\"@type\":\"Organization\",\"@id\":\"https:\/\/africanchelonian.org\/#organization\",\"name\":\"African Chelonian Institute\",\"url\":\"https:\/\/africanchelonian.org\/\",\"logo\":{\"@type\":\"ImageObject\",\"inLanguage\":\"fr-FR\",\"@id\":\"https:\/\/africanchelonian.org\/#\/schema\/logo\/image\/\",\"url\":\"https:\/\/africanchelonian.org\/wp-content\/uploads\/2025\/08\/ACI-header-logo@4x-scaled.png\",\"contentUrl\":\"https:\/\/africanchelonian.org\/wp-content\/uploads\/2025\/08\/ACI-header-logo@4x-scaled.png\",\"width\":\"2560\",\"height\":\"1313\",\"caption\":\"African Chelonian Institute\"},\"image\":{\"@id\":\"https:\/\/africanchelonian.org\/#\/schema\/logo\/image\/\"},\"sameAs\":[\"https:\/\/www.facebook.com\/AfricanChelonianInstitute\"]}]}<\/script>\n<!-- \/ Yoast SEO plugin. -->","yoast_head_json":{"title":"Partenaires - African Chelonian Institute","robots":{"index":"index","follow":"follow","max-snippet":"max-snippet:-1","max-image-preview":"max-image-preview:large","max-video-preview":"max-video-preview:-1"},"canonical":"https:\/\/africanchelonian.org\/fr\/partenaires\/","og_locale":"fr_FR","og_type":"article","og_title":"Partenaires - African Chelonian Institute","og_description":"l\u2019Institut Africain pour l\u2019Etude et la Protection des Tortues appr\u00e9cie la collaboration et le soutien de nos partenaires dans le monde entier. Qu&rsquo;ils fournissent des subventions essentielles \u00e0 l&rsquo;appui de nos programmes de terrain ou participent \u00e0 des \u00e9tudes avec notre \u00e9quipe, les partenaires suivants sont essentiels au succ\u00e8s de notre mission. Cliquez sur n&rsquo;importe quel logo pour afficher le site Web de chaque partenaire.","og_url":"https:\/\/africanchelonian.org\/fr\/partenaires\/","og_site_name":"African Chelonian Institute","article_publisher":"https:\/\/www.facebook.com\/AfricanChelonianInstitute","article_modified_time":"2025-10-06T11:56:33+00:00","og_image":[{"width":2560,"height":1709,"url":"https:\/\/africanchelonian.org\/wp-content\/uploads\/2025\/10\/DSC02368-scaled.jpg","type":"image\/jpeg"}],"twitter_card":"summary_large_image","twitter_misc":{"Dur\u00e9e de lecture estim\u00e9e":"1 minute"},"schema":{"@context":"https:\/\/schema.org","@graph":[{"@type":"WebPage","@id":"https:\/\/africanchelonian.org\/fr\/partenaires\/","url":"https:\/\/africanchelonian.org\/fr\/partenaires\/","name":"Partenaires - African Chelonian Institute","isPartOf":{"@id":"https:\/\/africanchelonian.org\/#website"},"primaryImageOfPage":{"@id":"https:\/\/africanchelonian.org\/fr\/partenaires\/#primaryimage"},"image":{"@id":"https:\/\/africanchelonian.org\/fr\/partenaires\/#primaryimage"},"thumbnailUrl":"https:\/\/africanchelonian.org\/wp-content\/uploads\/2025\/10\/DSC02368-scaled.jpg","datePublished":"2015-01-10T17:04:34+00:00","dateModified":"2025-10-06T11:56:33+00:00","breadcrumb":{"@id":"https:\/\/africanchelonian.org\/fr\/partenaires\/#breadcrumb"},"inLanguage":"fr-FR","potentialAction":[{"@type":"ReadAction","target":["https:\/\/africanchelonian.org\/fr\/partenaires\/"]}]},{"@type":"ImageObject","inLanguage":"fr-FR","@id":"https:\/\/africanchelonian.org\/fr\/partenaires\/#primaryimage","url":"https:\/\/africanchelonian.org\/wp-content\/uploads\/2025\/10\/DSC02368-scaled.jpg","contentUrl":"https:\/\/africanchelonian.org\/wp-content\/uploads\/2025\/10\/DSC02368-scaled.jpg","width":2560,"height":1709},{"@type":"BreadcrumbList","@id":"https:\/\/africanchelonian.org\/fr\/partenaires\/#breadcrumb","itemListElement":[{"@type":"ListItem","position":1,"name":"Home","item":"https:\/\/africanchelonian.org\/fr\/"},{"@type":"ListItem","position":2,"name":"Partenaires"}]},{"@type":"WebSite","@id":"https:\/\/africanchelonian.org\/#website","url":"https:\/\/africanchelonian.org\/","name":"African Chelonian Institute","description":"Recherche. Education. Conservation.","publisher":{"@id":"https:\/\/africanchelonian.org\/#organization"},"potentialAction":[{"@type":"SearchAction","target":{"@type":"EntryPoint","urlTemplate":"https:\/\/africanchelonian.org\/?s={search_term_string}"},"query-input":{"@type":"PropertyValueSpecification","valueRequired":true,"valueName":"search_term_string"}}],"inLanguage":"fr-FR"},{"@type":"Organization","@id":"https:\/\/africanchelonian.org\/#organization","name":"African Chelonian Institute","url":"https:\/\/africanchelonian.org\/","logo":{"@type":"ImageObject","inLanguage":"fr-FR","@id":"https:\/\/africanchelonian.org\/#\/schema\/logo\/image\/","url":"https:\/\/africanchelonian.org\/wp-content\/uploads\/2025\/08\/ACI-header-logo@4x-scaled.png","contentUrl":"https:\/\/africanchelonian.org\/wp-content\/uploads\/2025\/08\/ACI-header-logo@4x-scaled.png","width":"2560","height":"1313","caption":"African Chelonian Institute"},"image":{"@id":"https:\/\/africanchelonian.org\/#\/schema\/logo\/image\/"},"sameAs":["https:\/\/www.facebook.com\/AfricanChelonianInstitute"]}]}},"campaignId":"","_links":{"self":[{"href":"https:\/\/africanchelonian.org\/fr\/wp-json\/wp\/v2\/pages\/350","targetHints":{"allow":["GET"]}}],"collection":[{"href":"https:\/\/africanchelonian.org\/fr\/wp-json\/wp\/v2\/pages"}],"about":[{"href":"https:\/\/africanchelonian.org\/fr\/wp-json\/wp\/v2\/types\/page"}],"author":[{"embeddable":true,"href":"https:\/\/africanchelonian.org\/fr\/wp-json\/wp\/v2\/users\/1"}],"replies":[{"embeddable":true,"href":"https:\/\/africanchelonian.org\/fr\/wp-json\/wp\/v2\/comments?post=350"}],"version-history":[{"count":6,"href":"https:\/\/africanchelonian.org\/fr\/wp-json\/wp\/v2\/pages\/350\/revisions"}],"predecessor-version":[{"id":1348,"href":"https:\/\/africanchelonian.org\/fr\/wp-json\/wp\/v2\/pages\/350\/revisions\/1348"}],"wp:featuredmedia":[{"embeddable":true,"href":"https:\/\/africanchelonian.org\/fr\/wp-json\/wp\/v2\/media\/1390"}],"wp:attachment":[{"href":"https:\/\/africanchelonian.org\/fr\/wp-json\/wp\/v2\/media?parent=350"}],"curies":[{"name":"wp","href":"https:\/\/api.w.org\/{rel}","templated":true}]}}