{"id":564,"date":"2015-03-03T20:14:43","date_gmt":"2015-03-03T20:14:43","guid":{"rendered":"http:\/\/africanchelonian.org\/?page_id=564"},"modified":"2025-11-19T14:38:47","modified_gmt":"2025-11-19T14:38:47","slug":"publications","status":"publish","type":"page","link":"https:\/\/africanchelonian.org\/fr\/publications\/","title":{"rendered":"African Chelonian Institute &#8211; Publications"},"content":{"rendered":"<h1 style=\"text-align: center;\">Publications<\/h1>\n<hr class=\"divider break\" \/>\n<h6>Les publications suivantes impliquent ou ont \u00e9t\u00e9 r\u00e9dig\u00e9s par ACI et son \u00e9quipe.<\/h6>\n<ul class=\"biblio\">\n<li>Luiselli, L. and Diagne, T. 2013. Kinixys homeana Bell 1827 Home\u2019s Hinge-Back Tortoise. In: Rhodin, A.G.J., Pritchard, P.C.H., van Dijk, P.P., Saumure, R.A., Buhlmann, K.A., Iverson, J.B., and Mittermeier, R.A. (Eds.). Conservation Biology of Freshwater Turtles and Tortoises: A Compilation Project of the IUCN\/SSC Tortoise and Freshwater Turtle Specialist Group. Chelonian Research Monographs No. 5, pp.070.1\u2013070.10, doi:10.3854\/crm.5.070.homeana.v1.2013, <a href=\"http:\/\/www.iucn-tftsg.org\/cbftt\/\" target=\"_blank\" rel=\"noopener\">http:\/\/www.iucn-tftsg.org\/cbftt\/<\/a>.<\/li>\n<li>Vincenzo, F., DIAGNE,T.(2013) New knowledge about the distribution of [Pelusios williamsii (Laurent, 1965)] Pelomedusidae in Uganda in Proceedings ATTI II Italian Herpetological Congress \u2013CHIETI 27-29 September 2013: 63-67 \/ISBN 978 88 974 1733 0<\/li>\n<li>DIAGNE,T., BOH,N.(2013) Studies and conservation of Adanson\u2019s mud turtle [Pelusios adansonii (Schweigger, 1812)] at Tocc Tocc Reserve, Lac de Guiers, northern Senegal, West Africa in Proceedings ATTI II Italian Herpetological Congress \u2013 CHIETI 27-29 September 2013: 79-82 \/ISBN 978 88 974 1733 0<\/li>\n<li>Diagne T., Engalenzibo B.F.,Kalisya M.M.2013. Turtle and Tortoise Surveys in the Democratic Republic of Congo -45,46- Turtle Survival, magazine of the Turtle Survival Alliance Edition August 2013.<\/li>\n<li>Diagne, T. 2011. TSA Africa launches Adanson\u2019s Terrapin Conservation Project at Tocc Tocc Natural Reserve, Senegal. Turtle Survival, August 2011.<\/li>\n<li>Diagne, T. 2010. Pelusios adansonii, Adanson\u2019s Mud Turtle. Reptilia, December 2010.<\/li>\n<li>Diagne, T. and R. Wood. 2008. La Tortue mangeuse de coquillages Malaclemys terrapin. LA TORTUE (\u00e9tude et connaissance des tortues dans le monde), N\u00b0 81 : 16-21.<\/li>\n<li>Diagne, T. 2007. Les tortues Fossiles du S\u00e9n\u00e9gal. LA TORTUE (\u00e9tude et connaissance des tortues dans le monde) N\u00b0 71.<\/li>\n<li>Diagne, T. 2006. A la recherche des Tortues du B\u00e9nin. LA TORTUE (\u00e9tude et connaissance des tortues dans le monde), N\u00b0 70<\/li>\n<li>Diagne, T. 2006. Statut de la Pelomedusa rouss\u00e2tre occidentale au S\u00e9n\u00e9gal. LA TORTUE (\u00e9tude et connaissance des tortues dans le monde), N\u00b0 69<\/li>\n<li>Diagne, T. 2005. Note sur les connaissances Ethno-zoologiques relatives aux Tortues Marines dans l\u2019ecor\u00e9gion marine en Afrique de l\u2019Ouest (S\u00e9n\u00e9gal, Mauritanie, Cap-Vert, Gambie, Guin\u00e9e Bissau, et Guin\u00e9e Conakry). WWF\/PRCM, 12 pages.<\/li>\n<li>Diagne, T. 2005. Etude sur le statut et la distribution de la tortue Pelomedusa subrufa olivacea (Lac\u00e9p\u00e9de, 1788) dans la localit\u00e9 de Niakhar (S\u00e9n\u00e9gal) IRD\/SHAO 16 pp.<\/li>\n<li>Diagne, T. 2004. Michel Adanson: le Baobab et la tortue. LA TORTUE (\u00e9tude et connaissance des tortues dans le monde, N\u00b0 68.<\/li>\n<li>Diagne, T., A.G. Clot, T. Dernoncourt, T. Flament, and F. Kammenthaler. F. 2004. \u00c9tude pr\u00e9liminaire d\u2019une population de la P\u00e9luse d\u2019Adanson [Pelusios adansonii(Schweigger, 1812)] sur les abords Nord-Ouest du lac de Guiers (S\u00e9n\u00e9gal). Unpublished report, 35 pp.<\/li>\n<li>Diagne, T. 2004. Guide pour l\u2019identification et le suivi des plages de ponte des tortues marines en Afrique de l\u2019Ouest. WWF\/PRCM, 85 pages.<\/li>\n<li>Diagne, T. 2004. Les Bijagos \u00eeles enchant\u00e9es: tortues marines Chelonia mydas \u00e0 l\u2019\u00eele de Poilao en Guin\u00e9e Bissau. LA TORTUE (\u00e9tude et connaissance des tortues dans le monde), N\u00b067<\/li>\n<li>Diagne, T. 2002. Statut des tortues marines dans le parc national de la langue de Barbarie rapport de mission. 2002. FRD\/DPNS\/ A Pas de loup. 30 pages.<\/li>\n<li>Devaux B, Diagne, T. &amp; al 2000. \u00ab La Tortue Qui Pleure \u00bb Monograph on the Geochelone sulcata tortoise. Chelonii volume 1. 87 pages.<\/li>\n<li>Diagne, T. 1999. Tortues marines de la R\u00e9serve de Biosph\u00e8re du Delta du Saloum et sa p\u00e9riph\u00e9rie. Statuts, tendances \u00e9volutives et probl\u00e9matiques de conservation. Rapport de consultation pour la formulation du plan de gestion de la R\u00e9serve de Biosph\u00e8re du Delta du Saloum (RBDS UICN\/SENEGAL) 40 pages.<\/li>\n<li>Diagne, T. 1995. Etude et conservation de la tortue Geochelone sulcata (Miller, 1779) au S\u00e9n\u00e9gal. Proceedings, First Congress of Chelonian Conservation. pp 110-111.<\/li>\n<li>McGovern, P., A. Wade, T. Diagne, and L. W. Keith-Diagne. 2021. Death and Hope on the Coast of Central Senegal. African Sea Turtle Newsletter 16: 16-20.<\/li>\n<\/ul>\n<div class=\"spacer\"><\/div>\n","protected":false},"excerpt":{"rendered":"<p>Publications Les publications suivantes impliquent ou ont \u00e9t\u00e9 r\u00e9dig\u00e9s par ACI et son \u00e9quipe. Luiselli, L. and Diagne, T. 2013. Kinixys homeana Bell 1827 Home\u2019s Hinge-Back Tortoise. In: Rhodin, A.G.J., Pritchard, P.C.H., van Dijk, P.P., Saumure, R.A., Buhlmann, K.A., Iverson, J.B., and Mittermeier, R.A. (Eds.). Conservation Biology of Freshwater Turtles and Tortoises: A Compilation Project of the IUCN\/SSC Tortoise and Freshwater Turtle Specialist Group. Chelonian [&hellip;]<\/p>\n","protected":false},"author":1,"featured_media":0,"parent":0,"menu_order":3,"comment_status":"open","ping_status":"closed","template":"","meta":{"give_campaign_id":0,"_monsterinsights_skip_tracking":false,"_monsterinsights_sitenote_active":false,"_monsterinsights_sitenote_note":"","_monsterinsights_sitenote_category":0,"site-sidebar-layout":"default","site-content-layout":"","ast-site-content-layout":"default","site-content-style":"default","site-sidebar-style":"default","ast-global-header-display":"","ast-banner-title-visibility":"","ast-main-header-display":"","ast-hfb-above-header-display":"","ast-hfb-below-header-display":"","ast-hfb-mobile-header-display":"","site-post-title":"disabled","ast-breadcrumbs-content":"","ast-featured-img":"","footer-sml-layout":"","theme-transparent-header-meta":"default","adv-header-id-meta":"","stick-header-meta":"default","header-above-stick-meta":"","header-main-stick-meta":"","header-below-stick-meta":"","astra-migrate-meta-layouts":"set","ast-page-background-enabled":"default","ast-page-background-meta":{"desktop":{"background-color":"","background-image":"","background-repeat":"repeat","background-position":"center center","background-size":"auto","background-attachment":"scroll","background-type":"","background-media":"","overlay-type":"","overlay-color":"","overlay-opacity":"","overlay-gradient":""},"tablet":{"background-color":"","background-image":"","background-repeat":"repeat","background-position":"center center","background-size":"auto","background-attachment":"scroll","background-type":"","background-media":"","overlay-type":"","overlay-color":"","overlay-opacity":"","overlay-gradient":""},"mobile":{"background-color":"","background-image":"","background-repeat":"repeat","background-position":"center center","background-size":"auto","background-attachment":"scroll","background-type":"","background-media":"","overlay-type":"","overlay-color":"","overlay-opacity":"","overlay-gradient":""}},"ast-content-background-meta":{"desktop":{"background-color":"var(--ast-global-color-5)","background-image":"","background-repeat":"repeat","background-position":"center center","background-size":"auto","background-attachment":"scroll","background-type":"","background-media":"","overlay-type":"","overlay-color":"","overlay-opacity":"","overlay-gradient":""},"tablet":{"background-color":"var(--ast-global-color-5)","background-image":"","background-repeat":"repeat","background-position":"center center","background-size":"auto","background-attachment":"scroll","background-type":"","background-media":"","overlay-type":"","overlay-color":"","overlay-opacity":"","overlay-gradient":""},"mobile":{"background-color":"var(--ast-global-color-5)","background-image":"","background-repeat":"repeat","background-position":"center center","background-size":"auto","background-attachment":"scroll","background-type":"","background-media":"","overlay-type":"","overlay-color":"","overlay-opacity":"","overlay-gradient":""}},"footnotes":""},"class_list":["post-564","page","type-page","status-publish","hentry"],"yoast_head":"<!-- This site is optimized with the Yoast SEO plugin v26.5 - https:\/\/yoast.com\/wordpress\/plugins\/seo\/ -->\n<title>African Chelonian Institute - Publications - African Chelonian Institute<\/title>\n<meta name=\"robots\" content=\"index, follow, max-snippet:-1, max-image-preview:large, max-video-preview:-1\" \/>\n<link rel=\"canonical\" href=\"https:\/\/africanchelonian.org\/fr\/publications\/\" \/>\n<meta property=\"og:locale\" content=\"fr_FR\" \/>\n<meta property=\"og:type\" content=\"article\" \/>\n<meta property=\"og:title\" content=\"African Chelonian Institute - Publications - African Chelonian Institute\" \/>\n<meta property=\"og:description\" content=\"Publications Les publications suivantes impliquent ou ont \u00e9t\u00e9 r\u00e9dig\u00e9s par ACI et son \u00e9quipe. Luiselli, L. and Diagne, T. 2013. Kinixys homeana Bell 1827 Home\u2019s Hinge-Back Tortoise. In: Rhodin, A.G.J., Pritchard, P.C.H., van Dijk, P.P., Saumure, R.A., Buhlmann, K.A., Iverson, J.B., and Mittermeier, R.A. (Eds.). Conservation Biology of Freshwater Turtles and Tortoises: A Compilation Project of the IUCN\/SSC Tortoise and Freshwater Turtle Specialist Group. Chelonian [&hellip;]\" \/>\n<meta property=\"og:url\" content=\"https:\/\/africanchelonian.org\/fr\/publications\/\" \/>\n<meta property=\"og:site_name\" content=\"African Chelonian Institute\" \/>\n<meta property=\"article:publisher\" content=\"https:\/\/www.facebook.com\/AfricanChelonianInstitute\" \/>\n<meta property=\"article:modified_time\" content=\"2025-11-19T14:38:47+00:00\" \/>\n<meta property=\"og:image\" content=\"https:\/\/africanchelonian.org\/wp-content\/uploads\/2015\/01\/ACI-logo-175h.png\" \/>\n\t<meta property=\"og:image:width\" content=\"209\" \/>\n\t<meta property=\"og:image:height\" content=\"175\" \/>\n\t<meta property=\"og:image:type\" content=\"image\/png\" \/>\n<meta name=\"twitter:card\" content=\"summary_large_image\" \/>\n<meta name=\"twitter:label1\" content=\"Dur\u00e9e de lecture estim\u00e9e\" \/>\n\t<meta name=\"twitter:data1\" content=\"3 minutes\" \/>\n<script type=\"application\/ld+json\" class=\"yoast-schema-graph\">{\"@context\":\"https:\/\/schema.org\",\"@graph\":[{\"@type\":\"WebPage\",\"@id\":\"https:\/\/africanchelonian.org\/fr\/publications\/\",\"url\":\"https:\/\/africanchelonian.org\/fr\/publications\/\",\"name\":\"African Chelonian Institute - Publications - African Chelonian Institute\",\"isPartOf\":{\"@id\":\"https:\/\/africanchelonian.org\/#website\"},\"datePublished\":\"2015-03-03T20:14:43+00:00\",\"dateModified\":\"2025-11-19T14:38:47+00:00\",\"breadcrumb\":{\"@id\":\"https:\/\/africanchelonian.org\/fr\/publications\/#breadcrumb\"},\"inLanguage\":\"fr-FR\",\"potentialAction\":[{\"@type\":\"ReadAction\",\"target\":[\"https:\/\/africanchelonian.org\/fr\/publications\/\"]}]},{\"@type\":\"BreadcrumbList\",\"@id\":\"https:\/\/africanchelonian.org\/fr\/publications\/#breadcrumb\",\"itemListElement\":[{\"@type\":\"ListItem\",\"position\":1,\"name\":\"Home\",\"item\":\"https:\/\/africanchelonian.org\/fr\/\"},{\"@type\":\"ListItem\",\"position\":2,\"name\":\"African Chelonian Institute &#8211; Publications\"}]},{\"@type\":\"WebSite\",\"@id\":\"https:\/\/africanchelonian.org\/#website\",\"url\":\"https:\/\/africanchelonian.org\/\",\"name\":\"African Chelonian Institute\",\"description\":\"Recherche. Education. Conservation.\",\"publisher\":{\"@id\":\"https:\/\/africanchelonian.org\/#organization\"},\"potentialAction\":[{\"@type\":\"SearchAction\",\"target\":{\"@type\":\"EntryPoint\",\"urlTemplate\":\"https:\/\/africanchelonian.org\/?s={search_term_string}\"},\"query-input\":{\"@type\":\"PropertyValueSpecification\",\"valueRequired\":true,\"valueName\":\"search_term_string\"}}],\"inLanguage\":\"fr-FR\"},{\"@type\":\"Organization\",\"@id\":\"https:\/\/africanchelonian.org\/#organization\",\"name\":\"African Chelonian Institute\",\"url\":\"https:\/\/africanchelonian.org\/\",\"logo\":{\"@type\":\"ImageObject\",\"inLanguage\":\"fr-FR\",\"@id\":\"https:\/\/africanchelonian.org\/#\/schema\/logo\/image\/\",\"url\":\"https:\/\/africanchelonian.org\/wp-content\/uploads\/2025\/08\/ACI-header-logo@4x-scaled.png\",\"contentUrl\":\"https:\/\/africanchelonian.org\/wp-content\/uploads\/2025\/08\/ACI-header-logo@4x-scaled.png\",\"width\":\"2560\",\"height\":\"1313\",\"caption\":\"African Chelonian Institute\"},\"image\":{\"@id\":\"https:\/\/africanchelonian.org\/#\/schema\/logo\/image\/\"},\"sameAs\":[\"https:\/\/www.facebook.com\/AfricanChelonianInstitute\"]}]}<\/script>\n<!-- \/ Yoast SEO plugin. -->","yoast_head_json":{"title":"African Chelonian Institute - Publications - African Chelonian Institute","robots":{"index":"index","follow":"follow","max-snippet":"max-snippet:-1","max-image-preview":"max-image-preview:large","max-video-preview":"max-video-preview:-1"},"canonical":"https:\/\/africanchelonian.org\/fr\/publications\/","og_locale":"fr_FR","og_type":"article","og_title":"African Chelonian Institute - Publications - African Chelonian Institute","og_description":"Publications Les publications suivantes impliquent ou ont \u00e9t\u00e9 r\u00e9dig\u00e9s par ACI et son \u00e9quipe. Luiselli, L. and Diagne, T. 2013. Kinixys homeana Bell 1827 Home\u2019s Hinge-Back Tortoise. In: Rhodin, A.G.J., Pritchard, P.C.H., van Dijk, P.P., Saumure, R.A., Buhlmann, K.A., Iverson, J.B., and Mittermeier, R.A. (Eds.). Conservation Biology of Freshwater Turtles and Tortoises: A Compilation Project of the IUCN\/SSC Tortoise and Freshwater Turtle Specialist Group. Chelonian [&hellip;]","og_url":"https:\/\/africanchelonian.org\/fr\/publications\/","og_site_name":"African Chelonian Institute","article_publisher":"https:\/\/www.facebook.com\/AfricanChelonianInstitute","article_modified_time":"2025-11-19T14:38:47+00:00","og_image":[{"width":209,"height":175,"url":"https:\/\/africanchelonian.org\/wp-content\/uploads\/2015\/01\/ACI-logo-175h.png","type":"image\/png"}],"twitter_card":"summary_large_image","twitter_misc":{"Dur\u00e9e de lecture estim\u00e9e":"3 minutes"},"schema":{"@context":"https:\/\/schema.org","@graph":[{"@type":"WebPage","@id":"https:\/\/africanchelonian.org\/fr\/publications\/","url":"https:\/\/africanchelonian.org\/fr\/publications\/","name":"African Chelonian Institute - Publications - African Chelonian Institute","isPartOf":{"@id":"https:\/\/africanchelonian.org\/#website"},"datePublished":"2015-03-03T20:14:43+00:00","dateModified":"2025-11-19T14:38:47+00:00","breadcrumb":{"@id":"https:\/\/africanchelonian.org\/fr\/publications\/#breadcrumb"},"inLanguage":"fr-FR","potentialAction":[{"@type":"ReadAction","target":["https:\/\/africanchelonian.org\/fr\/publications\/"]}]},{"@type":"BreadcrumbList","@id":"https:\/\/africanchelonian.org\/fr\/publications\/#breadcrumb","itemListElement":[{"@type":"ListItem","position":1,"name":"Home","item":"https:\/\/africanchelonian.org\/fr\/"},{"@type":"ListItem","position":2,"name":"African Chelonian Institute &#8211; Publications"}]},{"@type":"WebSite","@id":"https:\/\/africanchelonian.org\/#website","url":"https:\/\/africanchelonian.org\/","name":"African Chelonian Institute","description":"Recherche. Education. Conservation.","publisher":{"@id":"https:\/\/africanchelonian.org\/#organization"},"potentialAction":[{"@type":"SearchAction","target":{"@type":"EntryPoint","urlTemplate":"https:\/\/africanchelonian.org\/?s={search_term_string}"},"query-input":{"@type":"PropertyValueSpecification","valueRequired":true,"valueName":"search_term_string"}}],"inLanguage":"fr-FR"},{"@type":"Organization","@id":"https:\/\/africanchelonian.org\/#organization","name":"African Chelonian Institute","url":"https:\/\/africanchelonian.org\/","logo":{"@type":"ImageObject","inLanguage":"fr-FR","@id":"https:\/\/africanchelonian.org\/#\/schema\/logo\/image\/","url":"https:\/\/africanchelonian.org\/wp-content\/uploads\/2025\/08\/ACI-header-logo@4x-scaled.png","contentUrl":"https:\/\/africanchelonian.org\/wp-content\/uploads\/2025\/08\/ACI-header-logo@4x-scaled.png","width":"2560","height":"1313","caption":"African Chelonian Institute"},"image":{"@id":"https:\/\/africanchelonian.org\/#\/schema\/logo\/image\/"},"sameAs":["https:\/\/www.facebook.com\/AfricanChelonianInstitute"]}]}},"campaignId":"","_links":{"self":[{"href":"https:\/\/africanchelonian.org\/fr\/wp-json\/wp\/v2\/pages\/564","targetHints":{"allow":["GET"]}}],"collection":[{"href":"https:\/\/africanchelonian.org\/fr\/wp-json\/wp\/v2\/pages"}],"about":[{"href":"https:\/\/africanchelonian.org\/fr\/wp-json\/wp\/v2\/types\/page"}],"author":[{"embeddable":true,"href":"https:\/\/africanchelonian.org\/fr\/wp-json\/wp\/v2\/users\/1"}],"replies":[{"embeddable":true,"href":"https:\/\/africanchelonian.org\/fr\/wp-json\/wp\/v2\/comments?post=564"}],"version-history":[{"count":5,"href":"https:\/\/africanchelonian.org\/fr\/wp-json\/wp\/v2\/pages\/564\/revisions"}],"predecessor-version":[{"id":1753,"href":"https:\/\/africanchelonian.org\/fr\/wp-json\/wp\/v2\/pages\/564\/revisions\/1753"}],"wp:attachment":[{"href":"https:\/\/africanchelonian.org\/fr\/wp-json\/wp\/v2\/media?parent=564"}],"curies":[{"name":"wp","href":"https:\/\/api.w.org\/{rel}","templated":true}]}}